{"id":13440,"date":"2023-09-29T18:41:05","date_gmt":"2023-09-29T18:41:05","guid":{"rendered":""},"modified":"2023-09-29T18:41:05","modified_gmt":"2023-09-29T18:41:05","slug":"5l-pudeli-kork","status":"publish","type":"product","link":"https:\/\/tdbeer.ee\/en\/p\/korki-zali-5-l-pudelem\/","title":{"rendered":"Kor\u0137i za\u013ci, 5 L pudel\u0113m"},"content":{"rendered":"","protected":false},"excerpt":{"rendered":"<p><strong>Kor\u0137i za\u013ci, 5 L pudel\u0113m<\/strong><\/p>\n","protected":false},"featured_media":13441,"template":"","meta":[],"product_cat":[366,498,506,504,405,406,495,503],"product_tag":[],"_links":{"self":[{"href":"https:\/\/tdbeer.ee\/en\/wp-json\/wp\/v2\/product\/13440"}],"collection":[{"href":"https:\/\/tdbeer.ee\/en\/wp-json\/wp\/v2\/product"}],"about":[{"href":"https:\/\/tdbeer.ee\/en\/wp-json\/wp\/v2\/types\/product"}],"wp:featuredmedia":[{"embeddable":true,"href":"https:\/\/tdbeer.ee\/en\/wp-json\/wp\/v2\/media\/13441"}],"wp:attachment":[{"href":"https:\/\/tdbeer.ee\/en\/wp-json\/wp\/v2\/media?parent=13440"}],"wp:term":[{"taxonomy":"product_cat","embeddable":true,"href":"https:\/\/tdbeer.ee\/en\/wp-json\/wp\/v2\/product_cat?post=13440"},{"taxonomy":"product_tag","embeddable":true,"href":"https:\/\/tdbeer.ee\/en\/wp-json\/wp\/v2\/product_tag?post=13440"}],"curies":[{"name":"wp","href":"https:\/\/api.w.org\/{rel}","templated":true}]}}