{"id":13466,"date":"2023-09-29T18:41:06","date_gmt":"2023-09-29T18:41:06","guid":{"rendered":""},"modified":"2023-09-29T18:41:06","modified_gmt":"2023-09-29T18:41:06","slug":"vaha-300gr","status":"publish","type":"product","link":"https:\/\/tdbeer.ee\/en\/p\/laka-vina-pudelem-kirsu-300gr\/","title":{"rendered":"Laka v\u012bna pudelem (\u0137ir\u0161u), 300gr"},"content":{"rendered":"","protected":false},"excerpt":{"rendered":"<p><strong>Laka v\u012bna pudelem (\u0137ir\u0161u), 300gr<\/strong><\/p>\n","protected":false},"featured_media":13467,"template":"","meta":[],"product_cat":[366,498,513,517,383,384,518],"product_tag":[],"_links":{"self":[{"href":"https:\/\/tdbeer.ee\/en\/wp-json\/wp\/v2\/product\/13466"}],"collection":[{"href":"https:\/\/tdbeer.ee\/en\/wp-json\/wp\/v2\/product"}],"about":[{"href":"https:\/\/tdbeer.ee\/en\/wp-json\/wp\/v2\/types\/product"}],"wp:featuredmedia":[{"embeddable":true,"href":"https:\/\/tdbeer.ee\/en\/wp-json\/wp\/v2\/media\/13467"}],"wp:attachment":[{"href":"https:\/\/tdbeer.ee\/en\/wp-json\/wp\/v2\/media?parent=13466"}],"wp:term":[{"taxonomy":"product_cat","embeddable":true,"href":"https:\/\/tdbeer.ee\/en\/wp-json\/wp\/v2\/product_cat?post=13466"},{"taxonomy":"product_tag","embeddable":true,"href":"https:\/\/tdbeer.ee\/en\/wp-json\/wp\/v2\/product_tag?post=13466"}],"curies":[{"name":"wp","href":"https:\/\/api.w.org\/{rel}","templated":true}]}}