{"id":13530,"date":"2023-09-29T18:41:10","date_gmt":"2023-09-29T18:41:10","guid":{"rendered":""},"modified":"2025-08-26T13:05:34","modified_gmt":"2025-08-26T11:05:34","slug":"turbo-parm-8-jast","status":"publish","type":"product","link":"https:\/\/tdbeer.ee\/en\/p\/turbo-raugs-8-jast\/","title":{"rendered":"Turbo raugs 8 JAST"},"content":{"rendered":"","protected":false},"excerpt":{"rendered":"<p><strong>Turbo raugs 8 JAST. <\/strong>Sast\u0101vs: raugs, rauga s\u0101ls, miner\u0101lvielas, vitam\u012bni, enz\u012bmi. Neto masa:135g. Ieteicams l\u012bdz: skat\u012bt uz iepakojuma. Glab\u0101t saus\u0101 viet\u0101.<\/p>\n<table border=\"0\" width=\"255\" cellspacing=\"0\" cellpadding=\"0\">\n<colgroup>\n<col span=\"3\" width=\"85\" \/><\/colgroup>\n<tbody>\n<tr>\n<td style=\"border:1px solid #000000;\" colspan=\"3\"><span style=\"color:#800000;\"><strong>SPEC.CENA (skaits)<\/strong><\/span><\/td>\n<\/tr>\n<tr>\n<td style=\"border:1px solid #000000;\">50-99<\/td>\n<td style=\"border:1px solid #000000;\">100-199<\/td>\n<td style=\"border:1px solid #000000;\">200-\u2026<\/td>\n<\/tr>\n<tr>\n<td style=\"border:1px solid #000000;\"><span style=\"color:#ff0000;\">3,80Ls<\/span><\/td>\n<td style=\"border:1px solid #000000;\"><span style=\"color:#ff0000;\">3,40Ls<\/span><\/td>\n<td style=\"border:1px solid #000000;\"><span style=\"color:#ff0000;\">3,00Ls<\/span><\/td>\n<\/tr>\n<\/tbody>\n<\/table>\n<p><span style=\"color:#ff0000;\">*akcija<\/span><\/p>\n","protected":false},"featured_media":13531,"template":"","meta":[],"product_cat":[405,533],"product_tag":[],"_links":{"self":[{"href":"https:\/\/tdbeer.ee\/en\/wp-json\/wp\/v2\/product\/13530"}],"collection":[{"href":"https:\/\/tdbeer.ee\/en\/wp-json\/wp\/v2\/product"}],"about":[{"href":"https:\/\/tdbeer.ee\/en\/wp-json\/wp\/v2\/types\/product"}],"wp:featuredmedia":[{"embeddable":true,"href":"https:\/\/tdbeer.ee\/en\/wp-json\/wp\/v2\/media\/13531"}],"wp:attachment":[{"href":"https:\/\/tdbeer.ee\/en\/wp-json\/wp\/v2\/media?parent=13530"}],"wp:term":[{"taxonomy":"product_cat","embeddable":true,"href":"https:\/\/tdbeer.ee\/en\/wp-json\/wp\/v2\/product_cat?post=13530"},{"taxonomy":"product_tag","embeddable":true,"href":"https:\/\/tdbeer.ee\/en\/wp-json\/wp\/v2\/product_tag?post=13530"}],"curies":[{"name":"wp","href":"https:\/\/api.w.org\/{rel}","templated":true}]}}