{"id":13687,"date":"2023-09-29T18:41:18","date_gmt":"2023-09-29T18:41:18","guid":{"rendered":""},"modified":"2025-09-17T12:23:30","modified_gmt":"2025-09-17T10:23:30","slug":"kummikork-klaasist-kaaritusnoule-hisab-60mm","status":"publish","type":"product","link":"https:\/\/tdbeer.ee\/en\/p\/gumijas-vacins-ar-caurumu-hisab-60mm\/","title":{"rendered":"Rubber cap with 60mm hole."},"content":{"rendered":"","protected":false},"excerpt":{"rendered":"<p><strong>Gumijas v\u0101ci\u0146\u0161 ar caurumu HISAB 40mm<\/strong><\/p>\n","protected":false},"featured_media":13688,"template":"","meta":[],"product_cat":[495,581],"product_tag":[],"_links":{"self":[{"href":"https:\/\/tdbeer.ee\/en\/wp-json\/wp\/v2\/product\/13687"}],"collection":[{"href":"https:\/\/tdbeer.ee\/en\/wp-json\/wp\/v2\/product"}],"about":[{"href":"https:\/\/tdbeer.ee\/en\/wp-json\/wp\/v2\/types\/product"}],"wp:featuredmedia":[{"embeddable":true,"href":"https:\/\/tdbeer.ee\/en\/wp-json\/wp\/v2\/media\/13688"}],"wp:attachment":[{"href":"https:\/\/tdbeer.ee\/en\/wp-json\/wp\/v2\/media?parent=13687"}],"wp:term":[{"taxonomy":"product_cat","embeddable":true,"href":"https:\/\/tdbeer.ee\/en\/wp-json\/wp\/v2\/product_cat?post=13687"},{"taxonomy":"product_tag","embeddable":true,"href":"https:\/\/tdbeer.ee\/en\/wp-json\/wp\/v2\/product_tag?post=13687"}],"curies":[{"name":"wp","href":"https:\/\/api.w.org\/{rel}","templated":true}]}}