{"id":13939,"date":"2023-09-29T18:41:31","date_gmt":"2023-09-29T18:41:31","guid":{"rendered":""},"modified":"2025-08-14T11:46:34","modified_gmt":"2025-08-14T09:46:34","slug":"ruutli-ruube","status":"publish","type":"product","link":"https:\/\/tdbeer.ee\/en\/p\/ruutli-ruube\/","title":{"rendered":"Maltose R\u00fc\u00fctli R\u00fc\u00fcbe"},"content":{"rendered":"<p><span class=\"HwtZe\" lang=\"en\" style=\"font-size: 14px;\"><span class=\"jCAhz ChMk0b\"><span class=\"ryNqvb\">Knight&#8217;s malt extract produces a coppery, mild and slightly hoppy ale-type beer with a plum aftertaste.<\/span><\/span><\/span><\/p>\n<p><span class=\"HwtZe\" lang=\"en\" style=\"font-size: 14px;\"><span class=\"jCAhz ChMk0b\"><span class=\"ryNqvb\">The set includes:<\/span><\/span><\/span><\/p>\n<p><span style=\"font-size: 14px;\"><span class=\"HwtZe\" lang=\"en\"><span class=\"jCAhz ChMk0b\"><span class=\"ryNqvb\">&#8211;<\/span><\/span><\/span><span class=\"HwtZe\" lang=\"en\"><span class=\"jCAhz ChMk0b\"><span class=\"ryNqvb\">Malt extract with hops 2.4 kg <\/span><\/span><\/span><\/span><\/p>\n<p><span class=\"HwtZe\" lang=\"en\" style=\"font-size: 14px;\"><span class=\"jCAhz ChMk0b\"><span class=\"ryNqvb\">-Brewer&#8217;s yeast <\/span><\/span><\/span><\/p>\n<p><span class=\"HwtZe\" lang=\"en\" style=\"font-size: 14px;\"><span class=\"jCAhz ChMk0b\"><span class=\"ryNqvb\">-Preparation instructions<\/span><\/span><\/span><\/p>\n<p><span class=\"HwtZe\" lang=\"en\" style=\"font-size: 14px;\"><span class=\"jCAhz ChMk0b\"><span class=\"ryNqvb\"> For brewing 20 liters of home beer.<\/span><\/span> <span class=\"jCAhz ChMk0b\"><span class=\"ryNqvb\">Adding 800g of sugar will increase the strength by approximately 5% of the volume.<\/span><\/span><\/span><\/p>","protected":false},"excerpt":{"rendered":"<h3><span style=\"font-size: 16px;\">Maltose R\u00fc\u00fctli R\u00fc\u00fcbe<\/span><\/h3>\n","protected":false},"featured_media":13940,"template":"","meta":[],"product_cat":[370,371,408],"product_tag":[],"_links":{"self":[{"href":"https:\/\/tdbeer.ee\/en\/wp-json\/wp\/v2\/product\/13939"}],"collection":[{"href":"https:\/\/tdbeer.ee\/en\/wp-json\/wp\/v2\/product"}],"about":[{"href":"https:\/\/tdbeer.ee\/en\/wp-json\/wp\/v2\/types\/product"}],"wp:featuredmedia":[{"embeddable":true,"href":"https:\/\/tdbeer.ee\/en\/wp-json\/wp\/v2\/media\/13940"}],"wp:attachment":[{"href":"https:\/\/tdbeer.ee\/en\/wp-json\/wp\/v2\/media?parent=13939"}],"wp:term":[{"taxonomy":"product_cat","embeddable":true,"href":"https:\/\/tdbeer.ee\/en\/wp-json\/wp\/v2\/product_cat?post=13939"},{"taxonomy":"product_tag","embeddable":true,"href":"https:\/\/tdbeer.ee\/en\/wp-json\/wp\/v2\/product_tag?post=13939"}],"curies":[{"name":"wp","href":"https:\/\/api.w.org\/{rel}","templated":true}]}}