{"id":15981,"date":"2025-11-04T14:22:28","date_gmt":"2025-11-04T12:22:28","guid":{"rendered":"https:\/\/tdbeer.ee\/ru\/?post_type=product&#038;p=15981"},"modified":"2025-11-04T14:30:23","modified_gmt":"2025-11-04T12:30:23","slug":"zubrowka-eko","status":"publish","type":"product","link":"https:\/\/tdbeer.ee\/en\/p\/zubrowka-eco\/","title":{"rendered":"Zubrowka ECO"},"content":{"rendered":"<p><span style=\"font-size: 14px;\">\u017bubr\u00f3wka ECO &#8211; \u017bubr\u00f3wka Grass (Contains sweet Zubrowka grass (Hierochlo\u00eb odorata). Serves 5 liters of alcohol. It gives the vodka a subtle flavor and aroma. The coumarin contained in \u017bubr\u00f3wka has a slightly calming and anti-inflammatory effect. The herb was collected in the forested areas of the Bia\u0142owie\u017ca Forest. For each 0.5-liter bottle, add 1-2 \u017bubr\u00f3wka grasses and a pinch of sugar approximately 10-14 days before consumption. The vodka is ready to drink when it turns slightly green.<\/span><\/p>","protected":false},"excerpt":{"rendered":"<h3><span class=\"HwtZe\" lang=\"en\" style=\"font-size: 16px;\"><span class=\"jCAhz ChMk0b\"><span class=\"ryNqvb\">\u017bubr\u00f3wka ECO &#8211; \u017bubr\u00f3wka Grass<\/span><\/span><\/span><\/h3>\n","protected":false},"featured_media":15983,"template":"","meta":[],"product_cat":[405,477,444],"product_tag":[],"_links":{"self":[{"href":"https:\/\/tdbeer.ee\/en\/wp-json\/wp\/v2\/product\/15981"}],"collection":[{"href":"https:\/\/tdbeer.ee\/en\/wp-json\/wp\/v2\/product"}],"about":[{"href":"https:\/\/tdbeer.ee\/en\/wp-json\/wp\/v2\/types\/product"}],"wp:featuredmedia":[{"embeddable":true,"href":"https:\/\/tdbeer.ee\/en\/wp-json\/wp\/v2\/media\/15983"}],"wp:attachment":[{"href":"https:\/\/tdbeer.ee\/en\/wp-json\/wp\/v2\/media?parent=15981"}],"wp:term":[{"taxonomy":"product_cat","embeddable":true,"href":"https:\/\/tdbeer.ee\/en\/wp-json\/wp\/v2\/product_cat?post=15981"},{"taxonomy":"product_tag","embeddable":true,"href":"https:\/\/tdbeer.ee\/en\/wp-json\/wp\/v2\/product_tag?post=15981"}],"curies":[{"name":"wp","href":"https:\/\/api.w.org\/{rel}","templated":true}]}}