{"id":14645,"date":"2023-10-02T12:08:04","date_gmt":"2023-10-02T10:08:04","guid":{"rendered":"https:\/\/tdbeer.ee\/ru\/?page_id=14645"},"modified":"2024-01-30T17:54:22","modified_gmt":"2024-01-30T15:54:22","slug":"tingimused","status":"publish","type":"page","link":"https:\/\/tdbeer.ee\/et\/tingimused\/","title":{"rendered":"Ostutingimused"},"content":{"rendered":"<p><\/p>\n<div class=\"rte\">\n<h5><span style=\"font-size: 20px;\"><strong> Tingimuste ulatus ja kehtivus<\/strong><\/span><\/h5>\n<p><span style=\"font-weight: 400;\">1.1. Tingimused kehtivad k\u00f5igi isikute ja ostukeskkonna www.tdbeer.ee, T&amp;D Beer O\u00dc, Kivila 34 Tallinn, 10117, vahel tdbeer.ee e-poe vahendusel toodete ostmisel tekkivate \u00f5igussuhete kohta.<\/span><\/p>\n<p><span style=\"font-weight: 400;\">1.2. Lisaks k\u00e4esolevatele tingimustele reguleerivad tdbeer.ee e-poe vahendusel toodete ostmisel tekkivaid \u00f5igussuhteid Eesti Vabariigis kehtivad \u00f5igusaktid.<\/span><\/p>\n<p><span style=\"font-weight: 400;\">1.3. T&amp;D Beer O\u00dc on \u00f5igustatud Domed e-poe arengust tulenevalt ning e-poe parema ja turvalisema kasutamise huvides k\u00e4esolevaid tingimusi ja hinnakirja muutma ning t\u00e4iendama. Tingimuste ning hinnakirja muudatustest ja t\u00e4iendustest teatatakse interneti lehek\u00fclje www.tdbeer.ee kaudu. Tingimuste ja hinnakirja muudatused ning t\u00e4iendused j\u00f5ustuvad vastava muudatuse v\u00f5i t\u00e4ienduse avaldamisest interneti lehek\u00fcljel www.tdbeer.ee. Kui Te edastasite oma tellimuse enne tingimuste muudatuste j\u00f5ustumist, kohaldatakse Teie ja T&amp;D Beer O\u00dc vahel tekkinud \u00f5igussuhtele Teie poolt tellimuse edastamise ajal kehtinud tingimusi, v.a kui seaduses v\u00f5i k\u00e4esolevates tingimustes on ette n\u00e4htud teisiti.<\/span><\/p>\n<p>&nbsp;<\/p>\n<h5><span style=\"font-size: 20px;\"><strong> Hinnad<\/strong><\/span><\/h5>\n<p><span style=\"font-weight: 400;\">2.1. tdbeer.ee e-poe hinnad kehtivad arve t\u00e4htajalise tasumise puhul vastavalt punktis 4 s\u00e4testatule.<\/span><\/p>\n<p><span style=\"font-weight: 400;\">2.2. K\u00f5ik hinnad e-poes tootud eurodes (EUR) ja sisaldavad k\u00e4ibemaksu 20%.<\/span><\/p>\n<p>&nbsp;<\/p>\n<h5><strong><span style=\"font-size: 20px;\"> Ostukorv ja tellimuse vormistamine<\/span><\/strong><\/h5>\n<p><span style=\"font-weight: 400;\">3.1. Ostukorvis olevate toodete arvu v\u00f5ite muuta. Samuti v\u00f5ite muuta toote tellitavat kogust. Tehtud muudatuse kinnitamiseks klikkige nupule \u201eUuenda ostukorvi\u201c. Tellimuse vormistamise j\u00e4tkamiseks klikkige lingile \u201eEdasi\u201d. Teid suunatakse tellija andmete lehek\u00fcljele.<\/span><\/p>\n<p><span style=\"font-weight: 400;\">3.2. Tellija andmete lehel sisestage n\u00f5utavad andmed ning klikkige nupule \u201eJ\u00e4tka ostmist\u201d. Teid suunatakse tellimuse kinnituse ja makseviisi valiku lehek\u00fcljele.<\/span><\/p>\n<p><span style=\"font-weight: 400;\">3.3. Olge tellija andmete ja tellimuse kinnituse lehek\u00fclgedel olevate lahtrite t\u00e4itmisel t\u00e4helepanelik, sest selle informatsiooni t\u00e4psusest ja \u00f5igsusest s\u00f5ltub Teie poolt ostetud toodete kiire ja h\u00e4ireteta kohaletoimetamine.<\/span><\/p>\n<p><span style=\"font-weight: 400;\">3.4. Toodete m\u00fc\u00fcgileping loetakse s\u00f5lmituks (Lepingu j\u00f5ustumine) arvates tellimuskinnituse j\u00e4rgi tasumisele kuuluva summa laekumisest T&amp;D Beer O\u00dc arvelduskontole.<\/span><\/p>\n<p>&nbsp;<\/p>\n<h5><strong><span style=\"font-size: 20px;\"> Toodete eest tasumine<\/span><\/strong><\/h5>\n<p><span style=\"font-weight: 400;\">4.1. Makse sooritamiseks valige tellimuse vormistamise lehek\u00fcljel endale meelep\u00e4rane makseviis.<\/span><\/p>\n<p><span style=\"font-weight: 400;\">4.2. Toodete eest on v\u00f5imalik tasuda:<\/span><\/p>\n<p><span style=\"font-weight: 400;\">1) Arvega \u2013 Klikkides tellimuse kinnituse lehek\u00fcljel \u201emaksa arvega\u201c \u2013 mille j\u00e4rel teile saadetakse e-mailile tellimuse kinnitus. Arve saadetakse Teile e-mailiga peale ostusumma tasumist.<\/span><\/p>\n<p><span style=\"font-weight: 400;\">2) Tellimuste eest saab turvaliselt tasuda Eesti, L\u00e4ti, Leedu nin Soome pangalinkide abil ning krediitkaardiga (Visa, MasterCard ja Maestro). Makseid vahendab Maksekeskus AS.<\/span><\/p>\n<p><span style=\"font-weight: 400;\">3) LHV j\u00e4relmaksuga tehes selleks taotluse klikkides tellimuse kinnituse lehek\u00fcljel nupule \u201emaksa j\u00e4relmaksuga\u201c<\/span><\/p>\n<p><span style=\"font-weight: 400;\">4.3. Makse teostamine toimub v\u00e4ljaspool E-poe keskkonda teenusepakkuja Maksekeskus AS turvalises maksekeskkonnas.<\/span><\/p>\n<p><span style=\"font-weight: 400;\">4.4. T&amp;D Beer O\u00dc on isikuandmete vastutav t\u00f6\u00f6tleja. T&amp;D Beer O\u00dc edastab maksete teostamiseks vajalikud isikuandmed volitatud t\u00f6\u00f6tleja Maksekeskus AS-ile.<\/span><\/p>\n<p><span style=\"font-weight: 400;\">4.5. M\u00fc\u00fcjal puudub ligip\u00e4\u00e4s Kliendi pangaandmetele ja krediitkaardi andmetele.<\/span><\/p>\n<p><span style=\"font-weight: 400;\">4.6. Tellimus t\u00fchistatakse juhul, kui\u00a0 ostusumma ei ole 5 p\u00e4eva jooksul laekunud.<\/span><\/p>\n<p><span style=\"font-weight: 400;\">4.7. Tellimuse t\u00fchistamise v\u00f5i ostetud toote tagastamise korral tagastatakse ostusumma vastavalt tellimuse vormistamisel valitud makseviisile:<\/span><\/p>\n<p><span style=\"font-weight: 400;\">1) \u00dclekandega tasutud summa kantakse tagasi kontole, millelt tasutud summa laekus.<\/span><\/p>\n<p><span style=\"font-weight: 400;\">2) J\u00e4relmaksuga ostu puhul t\u00fchistatakse kehtiv j\u00e4relmaksu leping e-posti aadressile info@tdbeer.ee saadetud kirjaliku avalduse alusel.<\/span><\/p>\n<p><span style=\"font-weight: 400;\">Tagastatavast summast peetakse kinni transporditasu ja\/v\u00f5i kauba v\u00e4\u00e4rtuse v\u00e4henemise h\u00fcvitis punktis 6.2 s\u00e4testatud juhtudel. Samuti peetakse kinni tdbeer.ee poolt osutatud teenuste tasu (n\u00e4iteks transport, paigaldus, vana toote \u00e4ravedu jne).<\/span><\/p>\n<p>4.8 T&amp;D Beer O\u00dc on isikuandmete vastutav t\u00f6\u00f6tleja, T&amp;D Beer O\u00dc edastab maksete teostamiseks vajalikud isikuandmed volitatud t\u00f6\u00f6tleja Maksekeskus AS-ile.<\/p>\n<p>&nbsp;<\/p>\n<p><span style=\"font-weight: 400;\">\u00a0<\/span><\/p>\n<h5><span style=\"font-size: 20px;\"><strong> Toodete kohaletoimetamine ja \u00fcleandmine<\/strong><\/span><\/h5>\n<p><span style=\"font-weight: 400;\">5.1. Peale Lepingu j\u00f5ustumist vastavalt Tingimuste punktile 3.4. toimetatakse tooted Teile kohale Teie poolt tellimuse vormistamisel teatatud kontakttelefoni teel eelnevalt kokku lepitud ajal.<\/span><\/p>\n<p><span style=\"font-weight: 400;\">5.2. Tooted koos eestikeelse kasutusinfo ja muude toodete juurde kuuluvate dokumentidega toimetab kullerfirma kohale tootekaardil ja tellimuse kinnitusel n\u00e4idatud tarne t\u00e4htaja jooksul.<\/span><\/p>\n<p><span style=\"font-weight: 400;\">5.3. Juhul, kui Teie poolt tellitud toodet ei ole laos ja see tuleb spetsiaalselt tarnijalt tellida ning on ilmne, et toote kohaletoimetamine toote kirjelduses m\u00e4\u00e4ratud tarnet\u00e4htaja jooksul ei ole v\u00f5imalik, ning muudel juhtudel, kui toodete t\u00e4htaegne kohaletoimetamine ei ole v\u00f5imalik asjaoludel, mille eest T&amp;D Beer O\u00dc ei vastuta, teatame sellest Teile Teie poolt tellimuse vormistamisel teatatud kontakttelefoni v\u00f5i elektronposti teel 2 t\u00f6\u00f6p\u00e4eva jooksul arvates Lepingu j\u00f5ustumisest vastavalt Tingimuste punktile 3.4. ning \u00fchtlasi anname teada Teie poolt tellitud toote kohaletoimetamise t\u00e4htaja. Juhul, kui Te kaotate toote kohaletoimetamise pikema t\u00e4htaja t\u00f5ttu huvi toote ostmise vastu, on Teil \u00f5igus oma tellimus t\u00fchistada (vt t\u00e4psemalt punktidest 6.1. ja 6.3.) ning Teie poolt tasutud summa (koos transpordi maksumusega) tagastatakse. Tellimisel toote osas saadame teile 50% ettemaksu arve.<\/span><\/p>\n<p><span style=\"font-weight: 400;\">5.4. Kui Teie poolt tellitud tooted on kullerfirmale \u00fcle antud, v\u00f5tab kullerfirma Teiega eelnevalt \u00fchendust, et t\u00e4psustada toodete kohaletoomise aeg.<\/span><\/p>\n<p><span style=\"font-weight: 400;\">5.5. Kullerfirma toimetab tooted Teie poolt tellimuse vormistamisel m\u00e4rgitud aadressile. Sihtkoha hilisem muutmine ei ole v\u00f5imalik.<\/span><\/p>\n<p><span style=\"font-weight: 400;\">5.6. Palun j\u00e4lgige tellimuse vormistamisel esitatavate kontaktandmete \u00f5igsust v\u00e4ltimaks viivitusi ja arusaamatusi toodete kohaletoimetamisel. T&amp;D Beer O\u00dc ja kullerfirma ei vastuta toodete kohaletoimetamise viivituse ja tekkinud arusaamatuste eest juhul, kui viivitus v\u00f5i arusaamatus on tingitud Teie poolt tellimuse vormistamisel esitatud andmete ebat\u00e4psusest v\u00f5i eba\u00f5igsusest.<\/span><\/p>\n<p><span style=\"font-weight: 400;\">5.7. Tooted antakse kulleri poolt Teile \u00fcle koos saatelehega. Enne saatelehe allkirjastamist soovitame tungivalt Teil toodete pakend \u00fcle vaadata ja selle v\u00e4liste vigastuste korral m\u00e4rkida kulleri saatelehele sellekohane m\u00e4rkus. Palume Teil vigastatud pakendiga tootest teatada elektronposti aadressile info@tdbeer.ee v\u00f5i T&amp;D Beer O\u00dc kontakttelefonile 688 2415. Kullerfirma poolt vigastatud pakendiga toode asendatakse.<\/span><\/p>\n<p><span style=\"font-weight: 400;\">5.8 Kauba toimetab kohale logistikaettev\u00f5tte OMNIVA kuller v\u00f5i DPD kuller 1-7 t\u00f6\u00f6p\u00e4eva jooksul.<\/span><\/p>\n<p><span style=\"font-weight: 400;\">5.9.\u00a0 Meie kohaletoimetamisteenused h\u00f5lmavad terve Eesti riiki territooriumi. Juhul kui soovite meie poolset kohale toimetamist v\u00e4ljaspool eelnevalt mainitud piirkonda toimub see erikokkuleppel mille s\u00f5lmimiseks palume p\u00f6\u00f6rduda oma sooviga e-posti adressile klienditugi@tdbeer.ee v\u00f5i telefonil +372 688 2415.<\/span><\/p>\n<p><span style=\"font-weight: 400;\">5.9.1 tdbeer.ee poolt m\u00fc\u00fcdavates seadmetes kasutamiseks vajalikud kasutatud keskonnaohtlikud kulumaterjalid, nagu akud ja patareid, v\u00f5etakse tasuta vastu T&amp;D Beer O\u00dc kontoris . Suurem\u00f5\u00f5tmelised elektroonikaj\u00e4\u00e4tmed tuleks viia sobivasse j\u00e4\u00e4tmete kogumisjaama. J\u00e4\u00e4tmejaamade asukohad leiate siit.<\/span><\/p>\n<p>&nbsp;<\/p>\n<h5><span style=\"font-size: 20px;\"><strong> Tellimuse t\u00fchistamine ja toote tagastamine<\/strong><\/span><\/h5>\n<p><span style=\"font-weight: 400;\">6.1. Teil on \u00f5igus peale toodete eest tasumist kuid enne toodete kohaletoimetamist oma tellimus t\u00fchistada, saates tdbeer.ee e-poe elektronposti aadressile info@tdbeer.ee vastavasisulise teate koos tellimuse numbri ning oma panga arvelduskonto numbriga. Lepingust taganemisel j\u00e4\u00e4vad kauba tagastamise, postitamise v\u00f5i muud transpordikulud tarbija kanda.<\/span><\/p>\n<p><span style=\"font-weight: 400;\">6.2. Peale toodete k\u00e4ttesaamist on Teil 14 p\u00e4eva aega toodetega tutvumiseks. Kui ostetud kaup Teile mingil p\u00f5hjusel ei sobi, siis on Teil v\u00f5imalus 14 p\u00e4eva jooksul toode tagastada v\u00f5i vahetada v\u00e4lja m\u00f5ne muu toote vastu, saates tdbeer.ee e-poele vastavasisulise teate. Toote tagastamise soovist saab teatada, kasutades vastavat vormi. Toode on v\u00f5imalik tagastada posti teel Kivila 34 Tallinn, 10117. Lisaks m\u00e4rgime, et transpordiga seotud kulud, mis on seotud toote tagasisaatmisega ladu v\u00f5i m\u00fc\u00fcja kauplusesse, kannab klient ise. Kasutamise tunnustega toodete tagastuse puhul on T&amp;D Beer O\u00dc-l \u00f5igus tagastusest keelduda v\u00f5i leppida kokku asja v\u00e4\u00e4rtuse v\u00e4hendamise h\u00fcvitises. Tasaarvestamiseks saadab T&amp;D Beer O\u00dc Teile tasaarvestamise avalduse Teie poolt tellimuse vormistamisel teatatud e-posti aadressile. Juhul, kui Te ei ole n\u00f5us tasaarvestamise teates n\u00e4idatud v\u00e4\u00e4rtuse v\u00e4henemisega, on Teil \u00f5igus kaasata toote v\u00e4\u00e4rtuse v\u00e4henemise kindlakstegemiseks s\u00f5ltumatu ekspert. Ekspertiisiga seotud kulud jagatakse pooleks Teie ja T&amp;D Beer O\u00dc vahel, v.a juhul, kui \u00fche poole seisukoht osutub ilmselt p\u00f5hjendamatuks. Sellisel juhul kannab ekspertiisiga seotud kulud pool, kelle seisukoht osutus ilmselt p\u00f5hjendamatuks.\u00a0<\/span><\/p>\n<p><span style=\"font-weight: 400;\">6.3. Tellimuse t\u00fchistamisel punktis 6.1 s\u00e4testatud juhul v\u00f5i tellimusest taganemise korral punktis 6.2 s\u00e4testatud juhul tagastatakse Teile ostu eest tasutud summa millest tdbeer.ee e-poel on \u00f5igus rakendada transporditasu kuni 10 \u20ac ning selle tagastavast summast maha arveldada. Tagastamisele ei kuulu osutatud teenuste ( transport, paigaldus, vana toote \u00e4ravedu jms.) eest tasutud summad. Tagastatud toote eest tasutud ostusumma tagastame vastavalt ostu sooritamisel kasutatud makseviisile 14 p\u00e4eva jooksul alates taganemisteate j\u00f5udmisest meieni, eeldusel, et olete sama t\u00e4htaja jooksul ehk 14 p\u00e4eva jooksul kauba tagastanud, v.a k\u00e4esolevate tingimuste punktis 6.4. s\u00e4testatud juhtudel<\/span><\/p>\n<p><span style=\"font-weight: 400;\">6.4. Tagastatav toode peab olema komplektne (sisaldama tootepakendit ja k\u00f5iki tootepakendis sisaldunud esemeid \u2013 kaablid jne). Kui toode on ostetud kampaania korras, kus kaubale on lisatud veel m\u00f5ni toode, tuleb Teil tagastada kogu komplekt (st. k\u00f5ik tooted).<\/span><\/p>\n<p><span style=\"font-weight: 400;\">6.5. Ostetud kaupa ei saa tagastada kui tellitud toode on valmistatud eritellimusel ning arvestades tellija isiklikke vajadusi v\u00f5i tellija poolt esitatud tingimuste kohaselt.<\/span><\/p>\n<p>&nbsp;<\/p>\n<h5><span style=\"font-size: 20px;\"><strong> Garantii ja n\u00f5uetele mittevastavate toodete tagastamine<\/strong><\/span><\/h5>\n<p><span style=\"font-weight: 400;\">7.1. T&amp;D Beer O\u00dc vastutab toodete n\u00f5uetele mittevastavuse ja puuduste eest, mis ilmnevad 2 aasta jooksul arvates toodete Teile \u00fcleandmisest.<\/span><\/p>\n<p><span style=\"font-weight: 400;\">7.2. T&amp;D Beer O\u00dc ei vastuta:<\/span><\/p>\n<p><span style=\"font-weight: 400;\">1) teie s\u00fc\u00fcl toote halvenemise\/kahjustumise eest;<\/span><\/p>\n<p><span style=\"font-weight: 400;\">2) puuduste eest, mis on tekkinud toote mittekorrap\u00e4rase kasutamise tagaj\u00e4rjel;<\/span><\/p>\n<p><span style=\"font-weight: 400;\">3) toote normaalse f\u00fc\u00fcsilise kulumise eest tavalise kasutamise korral.<\/span><\/p>\n<p><span style=\"font-weight: 400;\">7.3. Toote n\u00f5uetele mittevastavuse v\u00f5i puuduse korral on Teil \u00f5igus n\u00f5uda toote asendamist n\u00f5uetele vastava ja puudusteta toote vastu v\u00f5i taganeda tellimusest ja tagastada n\u00f5uetele mittevastav toode T&amp;D Beer O\u00dc kulul.<\/span><\/p>\n<p><span style=\"font-weight: 400;\">7.4. N\u00f5uetele mittevastava toote tagastamise korral kantakse toote eest tasutud summa (koos transpordimaksumusega) Teie poolt n\u00e4idatud pangakontole hiljemalt 14 p\u00e4eva jooksul arvates tellimusest taganemise ja toote tagastamise soovi kohta teate saamisest.<\/span><\/p>\n<p><span style=\"font-weight: 400;\">7.5. Lisaks garantiist tulenevatele \u00f5igustele on Teil ka muud seadusest tulenevad \u00f5igused.<\/span><\/p>\n<p>&nbsp;<\/p>\n<h5><span style=\"font-size: 20px;\"><strong> Vastutus ja v\u00e4\u00e4ramatu j\u00f5ud<\/strong><\/span><\/h5>\n<p><span style=\"font-weight: 400;\">8.1. T&amp;D Beer O\u00dc vastutab Teie ees ja Teie vastutate T&amp;D Beer O\u00dc ees teisele poolele k\u00e4esolevate tingimuste rikkumisega tekitatud kahju eest Eesti Vabariigis kehtivates \u00f5igusaktides s\u00e4testatud juhtudel ja ulatuses.<\/span><\/p>\n<p><span style=\"font-weight: 400;\">8.2. T&amp;D Beer O\u00dc ei vastuta Teile tekitatud kahjude eest v\u00f5i toote kohaletoimetamise viibimise eest juhul, kui kahju v\u00f5i toote kohaletoomise viibimine on tingitud asjaolust, mida T&amp;D Beer O\u00dc ei saanud m\u00f5jutada ning mille saabumist T&amp;D Beer O\u00dc ei n\u00e4inud ette ega v\u00f5inud ette n\u00e4ha (v\u00e4\u00e4ramatu j\u00f5ud).<\/span><\/p>\n<p>&nbsp;<\/p>\n<h5><span style=\"font-size: 20px;\"><strong> Muud tingimused<\/strong><\/span><\/h5>\n<p><span style=\"font-weight: 400;\">9.1. K\u00f5iki tdbeer.ee e-poe k\u00fclastamise ja ostude sooritamise k\u00e4igus teatavaks saanud kliendi isikuandmeid k\u00e4sitletakse kui konfidentsiaalset infot.<\/span><\/p>\n<p><span style=\"font-weight: 400;\">9.2. K\u00e4esolevates tingimustes eraldi lahendamata k\u00fcsimustes l\u00e4htutakse Eesti Vabariigis kehtivatest \u00f5igusaktidest.<\/span><\/p>\n<p><span style=\"font-weight: 400;\">9.3. Teie ja T&amp;D Beer O\u00dc vahel seoses tdbeer.ee e-poe vahendusel toodete tellimise ja ostmisega tekkinud vaidlused lahendatakse l\u00e4bir\u00e4\u00e4kimiste teel. Kokkuleppe mittesaavutamisel on Teil \u00f5igus p\u00f6\u00f6rduda oma \u00f5iguste kaitseks Tarbijakaitseameti kaudu tarbijakaebuste komisjoni v\u00f5i Tallinna Linnakohtusse. Tarbija v\u00f5ib esitada kaebuse ise v\u00f5i esindaja kaudu. Vaidluste lahendamisel l\u00e4htutakse Eesti Vabariigis kehtivatest \u00f5igusaktidest.<\/span><\/p>\n<p>&nbsp;<\/p>\n<h5><span style=\"font-size: 20px;\"><strong> Diskleimer<\/strong><\/span><\/h5>\n<p><span style=\"font-weight: 400;\">10.1. Tootepildid on illustratiivse t\u00e4hendusega.<\/span><\/p>\n<p><span style=\"font-weight: 400;\">10.2. Toodete hinnad ning saadavus v\u00f5ivad muutuda ette teatamata. Antud juhul j\u00e4tab T&amp;D Beer O\u00dc endale \u00f5iguse loobuda m\u00fc\u00fcgist ning tagastada kliendile raha tema arvelduskontole 10 t\u00f6\u00f6p\u00e4eva jooksul.<\/span><\/p>\n<p><span style=\"font-weight: 400;\">10.3. tdbeer.ee j\u00e4tab endale \u00f5iguse loobuda m\u00fc\u00fcgist kui tootega on juhtunud m\u00f5ni j\u00e4rgnevatest probleemidest: on juhtunud inimlik eksitus hinna sisestamisel v\u00f5i tehniline viga s\u00fcsteemis (N\u00e4iteks kui 1500 EUR\u2019i maksev ekraan on j\u00e4rsku m\u00fc\u00fcgis 150 EUR\u2019iga on tegemist ilmselgelt veaga. Sellest tulenevalt eeldame, et klient peaks aru saama, et tegemist on veaga ja toode ei kuulu sellise hinnaga m\u00fc\u00fcmisele).<\/span><\/p>\n<p><span style=\"font-weight: 400;\">10.4. Toote infot kontrollitakse ja t\u00e4iustatakse regulaarselt. Andmed v\u00f5ivad olla peale teie viimast k\u00fclastust uuenenud. Seoses tootjate andmekaartide puudulikkusega v\u00f5ib tdbeer.ee e-poe toote infos esineda ebat\u00e4psusi. Antud juhtul tdbeer.ee e-pood ei v\u00f5ta vastutust toote andmete \u00f5igsuses. Soovitame siiski enne ostu sooritamist v\u00f5imalusel kontrollida tooteinfo t\u00e4psust meie klienditeeninduse telefonil 688 2415.<\/span><\/p>\n<\/div>\n<p><\/p>","protected":false},"excerpt":{"rendered":"<p>Tingimuste ulatus ja kehtivus 1.1. Tingimused kehtivad k\u00f5igi isikute ja ostukeskkonna www.tdbeer.ee, T&amp;D Beer O\u00dc, Kivila 34 Tallinn, 10117, vahel<\/p>\n","protected":false},"author":2,"featured_media":0,"parent":0,"menu_order":0,"comment_status":"closed","ping_status":"closed","template":"","meta":{"footnotes":""},"_links":{"self":[{"href":"https:\/\/tdbeer.ee\/et\/wp-json\/wp\/v2\/pages\/14645"}],"collection":[{"href":"https:\/\/tdbeer.ee\/et\/wp-json\/wp\/v2\/pages"}],"about":[{"href":"https:\/\/tdbeer.ee\/et\/wp-json\/wp\/v2\/types\/page"}],"author":[{"embeddable":true,"href":"https:\/\/tdbeer.ee\/et\/wp-json\/wp\/v2\/users\/2"}],"replies":[{"embeddable":true,"href":"https:\/\/tdbeer.ee\/et\/wp-json\/wp\/v2\/comments?post=14645"}],"version-history":[{"count":8,"href":"https:\/\/tdbeer.ee\/et\/wp-json\/wp\/v2\/pages\/14645\/revisions"}],"predecessor-version":[{"id":15092,"href":"https:\/\/tdbeer.ee\/et\/wp-json\/wp\/v2\/pages\/14645\/revisions\/15092"}],"wp:attachment":[{"href":"https:\/\/tdbeer.ee\/et\/wp-json\/wp\/v2\/media?parent=14645"}],"curies":[{"name":"wp","href":"https:\/\/api.w.org\/{rel}","templated":true}]}}