{"id":3,"date":"2023-09-25T16:00:16","date_gmt":"2023-09-25T16:00:16","guid":{"rendered":"https:\/\/tdbeer.ee\/?page_id=3"},"modified":"2024-03-02T13:50:25","modified_gmt":"2024-03-02T11:50:25","slug":"privacy-policy","status":"publish","type":"page","link":"https:\/\/tdbeer.ee\/et\/privaatsuspoliitika\/","title":{"rendered":"Privaatsuspoliitika"},"content":{"rendered":"<p><span style=\"font-weight: 400;\">T&amp;D Beer O\u00dc on v\u00f5tnud endale kohustuse kaitsta klientide ja kasutajate privaatsust. Sellest l\u00e4htuvalt oleme koostanud k\u00e4esolevad privaatsuspoliitika p\u00f5him\u00f5tted, mis k\u00e4sitlevad kliendi andmete kogumist, kasutamist, avaldamist, edastamist ja talletamist. Meie tegevus internetis on koosk\u00f5las k\u00f5igi asjakohaste tegevuste ja vastavate Euroopa Liidu \u00f5igusaktide ja Eesti Vabariigi seadustega. Leia veidi aega ja tutvu meie privaatsusp\u00f5him\u00f5tetega.<\/span><\/p>\r\n<h5 class=\"wp-block-heading\"><span style=\"font-size: 20px;\"><strong>Isikuandmete kogumine ja kasutamine<\/strong><\/span><\/h5>\r\n<p><span style=\"font-weight: 400;\">Isikuandmed on Sinu, kui eraisikuga konkreetselt v\u00f5i kaudselt seostatavad andmed, mida T&amp;D Beer O\u00dc kogub ja t\u00f6\u00f6tleb \u00fcksikisikuga s\u00f5lmitud lepingu t\u00e4itmiseks v\u00f5i temaga \u00fchenduse v\u00f5tmiseks ning seadustest tulenevate kohustuste t\u00e4itmiseks.<\/span><\/p>\r\n<h5><span style=\"font-weight: 400;\">P\u00fcsikliendi isikuandmete kogumine v\u00f5ib toimuda allj\u00e4rgnevatel viisidel:<\/span><\/h5>\r\n<ul>\r\n<li><span style=\"font-weight: 400;\"> kontaktandmete (sh sinu nimi, isikukood, postiaadress, telefoninumber, e-posti aadress, eelistatud kontakteerumisviis) esitamisel\u00a0 meie veebisaidil v\u00f5i mujal (n\u00e4it. kauplused);<\/span><\/li>\r\n<li><span style=\"font-weight: 400;\"> veebisaidi kasutamisel kliendi kontoinfost v\u00f5i k\u00fcpsiste (cookies) kaudu<\/span><\/li>\r\n<li><span style=\"font-weight: 400;\"> ostu v\u00f5i tellimuse sooritamisel meie poes v\u00f5i e-poes isiku kontaktandmete v\u00f5i ostueelistusi puudutavate andmete\u00a0 talletamisel\u00a0 (T&amp;D Beer O\u00dc v\u00f5ib paluda teatud veebilehe aladel vabatahtlikult esitada isikuandmeid ja personaalset informatsiooni. N\u00f5utavad isikuandmed v\u00f5ivad sisaldada nime, aadressi, postiindeksit, e-posti aadressi, telefoninumbrit ja teisi andmeid);<\/span><\/li>\r\n<li><span style=\"font-weight: 400;\"> j\u00e4relmaksutaotluse esitamisel<\/span><\/li>\r\n<\/ul>\r\n<p>&nbsp;<\/p>\r\n<h5><span style=\"font-size: 20px;\"><strong>Muude andmete kogumine<\/strong><\/span><\/h5>\r\n<p><span style=\"font-weight: 400;\">Kogume ka isikustamata andmeid \u2013 andmeid, mida ei saa otseselt \u00fche kindla isikuga siduda (sugu, vanus, keele eelistus, asukoht).<\/span><\/p>\r\n<p><span style=\"font-weight: 400;\">V\u00f5ime koguda ka andmeid klienditegevuste kohta meie veebisaidil. Need andmed koondatakse ja neid kasutatakse selleks, et saaksime klientidele edastada kasulikumat teavet ja saaksime teada, millised veebisaidi, toodete ja teenuste osad on k\u00f5ige huvipakkuvamad. Koondandmeid k\u00e4sitletakse selles privaatsuspoliitikas isikustamata andmetena.<\/span><\/p>\r\n<p>&nbsp;<\/p>\r\n<h5><span style=\"font-size: 20px;\"><strong>Kogutud isikuandmete kasutamine ja s\u00e4ilitamine<\/strong><\/span><\/h5>\r\n<p><span style=\"font-weight: 400;\">Kogutud isikuandmete abil saame teavitada kliente T&amp;D Beer O\u00dc tooteuudistest, kampaaniatest ja tulevastest s\u00fcndmustest. Klient, kes ei soovi olla meie uudiskirjaloendis v\u00f5i saada teavitusi teda huvitada v\u00f5ivatest toodetest, saab ennast adressaatide sihtr\u00fchmast igal ajal eemaldada.<\/span><\/p>\r\n<h5><span style=\"font-weight: 400;\">Kogutud isikuandmeid kasutame ka kauba kohaletoimetamiseks ning kliendi ees v\u00f5etud kohustuste t\u00e4itmiseks.<\/span><\/h5>\r\n<p><span style=\"font-weight: 400;\">Privaatsuspoliitika tingimustega n\u00f5ustumisel annab klient T&amp;D Beer O\u00dcle n\u00f5usoleku enda andmete automatiseeritud t\u00f6\u00f6tlemiseks. V\u00f5id alati oma n\u00f5usoleku tagasi v\u00f5tta meie kodulehe vahendusel v\u00f5i kirjalikku taasesitamist v\u00f5imaldavas vormis avalduse tegemisega. Tagasiulatuvat j\u00f5udu avaldusel ega n\u00f5usoleku tagasiv\u00f5tmisel ei ole.<\/span><\/p>\r\n<p><span style=\"font-weight: 400;\">Kliendi paremaks teenindamiseks v\u00f5ib T&amp;D Beer O\u00dc avaldada teavet \u00fcksikute kasutajate kohta kolmandale osapoolele, kes osutab T&amp;D Beer O\u00dcle teenuseid ning on lepinguga kohustunud hoidma jagatud teavet konfidentsiaalsena. Kolmandaks osapooleks on n\u00e4iteks meie partner, kelle \u00fclesanneteks on e-poes m\u00fc\u00fcdavate kaupade transport v\u00f5i j\u00e4relmaksu teenuse pakkumine.<\/span><\/p>\r\n<p><span style=\"font-weight: 400;\">Kliendi isikuandmeid s\u00e4ilitab T&amp;D Beer O\u00dc kuni p\u00fcsikliendilepingu l\u00f5petamiseni. Andmeid, mida T&amp;D Beer O\u00dc on kohustatud s\u00e4ilitama \u00f5igusaktidest tulenevalt (nt. raamatupidamisandmed), s\u00e4ilitab T&amp;D Beer O\u00dc \u00f5igusaktides s\u00e4testatud n\u00f5uetest l\u00e4htuvalt.<\/span><\/p>\r\n<p>&nbsp;<\/p>\r\n<h5><span style=\"font-size: 20px;\"><strong>Kogutud isikuandmete muutmine<\/strong><\/span><\/h5>\r\n<p><span style=\"font-weight: 400;\">Kliendi tuvastamiseks ja temaga kontakteerumiseks kogutud isikuandmeid on kliendil v\u00f5imalik n\u00e4ha, muuta ja t\u00e4iendada meie kodulehel \u201eMinu info\u201c alas.<\/span><\/p>\r\n<p><span style=\"font-weight: 400;\">E-maili (Domed\u2019i veebisaidi kasutajatunnuse) muutumisel palume meid sellest teavitada, kuna seda ei ole kliendil endal v\u00f5imalik muuta.<\/span><\/p>\r\n<p>&nbsp;<\/p>\r\n<h5><span style=\"font-size: 20px;\"><strong>Isikuandmete kaitse<\/strong><\/span><\/h5>\r\n<p><span style=\"font-weight: 400;\">T&amp;D Beer O\u00dc rakendab k\u00f5iki ettevaatusabin\u00f5usid (sh administratiivsed, tehnilised ja f\u00fc\u00fcsilised meetmed) kliendi isikuandmete kaitsmiseks. Juurdep\u00e4\u00e4s andmete muutmiseks ja t\u00f6\u00f6tlemiseks on ainult selleks volitatud isikutel.<\/span><\/p>\r\n<p><span style=\"font-weight: 400;\">Kui kahtlustad, et Sinu isikuandmetega on toimitud vastupidiselt k\u00e4esolevas privaatsuspoliitikas kirjeldatule v\u00f5i on oht, et Sinu andmed on lekkinud v\u00f5\u00f5rastele isikutele, anna meile sellest koheselt teada. Ainult nii saame hoida potentsiaalse kahju v\u00f5imalikult v\u00e4ikesena.<\/span><\/p>\r\n<p><span style=\"font-weight: 400;\">Kliendil on \u00f5igus n\u00f5uda oma andmete t\u00f6\u00f6tlemise l\u00f5petamist, teavet andmete kasutamise kohta ning andmete edastamist endale v\u00f5i kolmandale isikule \u00fcldkasutatavas vormingus. V\u00e4ltimaks kliendi andmete ja \u00f5iguste v\u00e4\u00e4rkasutust on taotlusi lubatud esitada \u00fcksnes vormis, kus taotleja isik on tuvastatav (digitaalselt allkirjastatud v\u00f5i esinduses isiklikult allkirjastatud). Meil on \u00f5igus sellistele taotlustele vastata 30 p\u00e4eva jooksul.<\/span><\/p>\r\n<p><span style=\"font-weight: 400;\">Andmete t\u00f6\u00f6tlemise l\u00f5petamise n\u00f5uet k\u00e4sitleme p\u00fcsikliendi lepingu l\u00f5petamise avaldusena.<\/span><\/p>\r\n<p>&nbsp;<\/p>\r\n<h5><span style=\"font-size: 20px;\"><strong>Turvalisus<\/strong><\/span><\/h5>\r\n<p><span style=\"font-weight: 400;\">K\u00f5ik Domed e-poe k\u00fclastamise ja ostude sooritamise k\u00e4igus teatavaks saanud kliendi isikuandmeid k\u00e4sitletakse kui konfidentsiaalset infot. Kr\u00fcpteeritud andmesidekanal pankadega tagab ostu sooritaja isikuandmete ja pangarekvisiitide turvalisuse.<\/span><\/p>\r\n<p>&nbsp;<\/p>\r\n<h5><span style=\"font-size: 20px;\"><strong>Privaatsuspoliitika tingimused ja muudatused<\/strong><\/span><\/h5>\r\n<p><span style=\"font-weight: 400;\">Meie veebisaiti kasutama asudes v\u00f5i p\u00fcsikliendi avalduse t\u00e4itmisel oled k\u00e4esolevate p\u00f5him\u00f5tete ja tingimustega tutvunud ning nendega n\u00f5ustunud. J\u00e4tame endale \u00f5iguse vajadusel privaatsuspoliitika \u00fcldtingimusi muuta, teavitades sellest k\u00f5iki p\u00fcsikliente, kuid anname oma parima, et hoida meie privaatsuspoliitika ajakohase ja Sinule k\u00e4ttesaadavana meie kodulehel.<\/span><\/p>\r\n<p><span style=\"font-weight: 400;\">Kliendi isikuandmete vastutavaks t\u00f6\u00f6tlejaks on T&amp;D Beer O\u00dc. K\u00f5igi privaatsuspoliitika v\u00f5i andmet\u00f6\u00f6tluse kohta tekkivate k\u00fcsimuste v\u00f5i muredega palume v\u00f5tta \u00fchendust aadressil info@tdbeer.ee<\/span><\/p>\r\n<p><span style=\"font-weight: 400;\">Sul on alati \u00f5igus p\u00f6\u00f6rduda oma andmete kaitsmiseks Andmekaitse Inspektsiooni v\u00f5i kohtu poole. Andmekaitse Inspektsiooni n\u00e4ol on tegemist riikliku asutusega, mille poole on v\u00f5imalik p\u00f6\u00f6rduda ka isikuandmete kaitse teemadel konsultatsiooni v\u00f5i abi saamiseks.<\/span><\/p>\r\n<p>T&amp;D Beer O\u00dc on isikuandmete vastutav t\u00f6\u00f6tleja, T&amp;D Beer O\u00dc edastab maksete teostamiseks vajalikud isikuandmed volitatud t\u00f6\u00f6tleja Maksekeskus AS-ile.<\/p>","protected":false},"excerpt":{"rendered":"<p>T&amp;D Beer O\u00dc on v\u00f5tnud endale kohustuse kaitsta klientide ja kasutajate privaatsust. Sellest l\u00e4htuvalt oleme koostanud k\u00e4esolevad privaatsuspoliitika p\u00f5him\u00f5tted, mis<\/p>\n","protected":false},"author":1,"featured_media":0,"parent":0,"menu_order":0,"comment_status":"closed","ping_status":"open","template":"","meta":{"footnotes":""},"_links":{"self":[{"href":"https:\/\/tdbeer.ee\/et\/wp-json\/wp\/v2\/pages\/3"}],"collection":[{"href":"https:\/\/tdbeer.ee\/et\/wp-json\/wp\/v2\/pages"}],"about":[{"href":"https:\/\/tdbeer.ee\/et\/wp-json\/wp\/v2\/types\/page"}],"author":[{"embeddable":true,"href":"https:\/\/tdbeer.ee\/et\/wp-json\/wp\/v2\/users\/1"}],"replies":[{"embeddable":true,"href":"https:\/\/tdbeer.ee\/et\/wp-json\/wp\/v2\/comments?post=3"}],"version-history":[{"count":3,"href":"https:\/\/tdbeer.ee\/et\/wp-json\/wp\/v2\/pages\/3\/revisions"}],"predecessor-version":[{"id":15148,"href":"https:\/\/tdbeer.ee\/et\/wp-json\/wp\/v2\/pages\/3\/revisions\/15148"}],"wp:attachment":[{"href":"https:\/\/tdbeer.ee\/et\/wp-json\/wp\/v2\/media?parent=3"}],"curies":[{"name":"wp","href":"https:\/\/api.w.org\/{rel}","templated":true}]}}