{"id":13243,"date":"2023-09-29T18:40:56","date_gmt":"2023-09-29T18:40:56","guid":{"rendered":""},"modified":"2025-09-03T11:11:01","modified_gmt":"2025-09-03T09:11:01","slug":"dekstroos-1-kg","status":"publish","type":"product","link":"https:\/\/tdbeer.ee\/et\/p\/dekstroos-1-kg\/","title":{"rendered":"Bullet Brew Dekstroos 1 kg"},"content":{"rendered":"<p><span style=\"font-size: 14px;\">Kristalliline gl\u00fckoos kergemaks k\u00e4\u00e4ritamiseks. Gl\u00fckoosi abil omandavad \u00f5lu, vein, kalja ja meski pehmema maitse, ilma terava \u00f5una aroomita, mida traditsiooniline valge suhkur esile v\u00f5ib tuua. Seda suhkrut saab kasutada igat t\u00fc\u00fcpi \u00f5lle, veini, kalja ja meski puhul.<\/span><\/p>","protected":false},"excerpt":{"rendered":"<h3 style=\"text-align: justify;\"><strong><span style=\"font-size: 16px;\">Dekstroos \u00a01 kg<\/span><br \/>\n<\/strong><\/h3>\n","protected":false},"featured_media":13244,"template":"","meta":[],"product_cat":[370,373,374],"product_tag":[],"_links":{"self":[{"href":"https:\/\/tdbeer.ee\/et\/wp-json\/wp\/v2\/product\/13243"}],"collection":[{"href":"https:\/\/tdbeer.ee\/et\/wp-json\/wp\/v2\/product"}],"about":[{"href":"https:\/\/tdbeer.ee\/et\/wp-json\/wp\/v2\/types\/product"}],"wp:featuredmedia":[{"embeddable":true,"href":"https:\/\/tdbeer.ee\/et\/wp-json\/wp\/v2\/media\/13244"}],"wp:attachment":[{"href":"https:\/\/tdbeer.ee\/et\/wp-json\/wp\/v2\/media?parent=13243"}],"wp:term":[{"taxonomy":"product_cat","embeddable":true,"href":"https:\/\/tdbeer.ee\/et\/wp-json\/wp\/v2\/product_cat?post=13243"},{"taxonomy":"product_tag","embeddable":true,"href":"https:\/\/tdbeer.ee\/et\/wp-json\/wp\/v2\/product_tag?post=13243"}],"curies":[{"name":"wp","href":"https:\/\/api.w.org\/{rel}","templated":true}]}}