{"id":13245,"date":"2023-09-29T18:40:56","date_gmt":"2023-09-29T18:40:56","guid":{"rendered":""},"modified":"2025-09-01T21:00:19","modified_gmt":"2025-09-01T19:00:19","slug":"pudelihari-90-cm","status":"publish","type":"product","link":"https:\/\/tdbeer.ee\/et\/p\/pudelihari-90-cm\/","title":{"rendered":"Pudelihari 90 cm"},"content":{"rendered":"<p><span style=\"font-size: 14px;\">Silindrite puhastamiseks m\u00f5eldud hari. Lihtne kasutada. Alusena kasutatav traat, millesse harjased asetatakse, on j\u00e4ik, kuid v\u00e4ga painduv, mist\u00f5ttu see ei pragune ega purune harja igas suunas painutamisel, mis aitab silindreid p\u00f5hjalikult puhastada.<\/span><\/p>","protected":false},"excerpt":{"rendered":"<p><strong>Pudelihari 90 cm<\/strong><\/p>\n","protected":false},"featured_media":13246,"template":"","meta":[],"product_cat":[366,378,381,382,379,380,367,376,377,368,369,375],"product_tag":[],"_links":{"self":[{"href":"https:\/\/tdbeer.ee\/et\/wp-json\/wp\/v2\/product\/13245"}],"collection":[{"href":"https:\/\/tdbeer.ee\/et\/wp-json\/wp\/v2\/product"}],"about":[{"href":"https:\/\/tdbeer.ee\/et\/wp-json\/wp\/v2\/types\/product"}],"wp:featuredmedia":[{"embeddable":true,"href":"https:\/\/tdbeer.ee\/et\/wp-json\/wp\/v2\/media\/13246"}],"wp:attachment":[{"href":"https:\/\/tdbeer.ee\/et\/wp-json\/wp\/v2\/media?parent=13245"}],"wp:term":[{"taxonomy":"product_cat","embeddable":true,"href":"https:\/\/tdbeer.ee\/et\/wp-json\/wp\/v2\/product_cat?post=13245"},{"taxonomy":"product_tag","embeddable":true,"href":"https:\/\/tdbeer.ee\/et\/wp-json\/wp\/v2\/product_tag?post=13245"}],"curies":[{"name":"wp","href":"https:\/\/api.w.org\/{rel}","templated":true}]}}