{"id":13251,"date":"2023-09-29T18:40:56","date_gmt":"2023-09-29T18:40:56","guid":{"rendered":""},"modified":"2025-09-10T13:41:34","modified_gmt":"2025-09-10T11:41:34","slug":"cap-grip-shrink-tool-for-thermocaps","status":"publish","type":"product","link":"https:\/\/tdbeer.ee\/et\/p\/cap-grip-shrink-tool-for-thermocaps\/","title":{"rendered":"K\u00e4epide veinipudeli korkide kinnitamiseks."},"content":{"rendered":"<p>Korgiklamber<br \/>\nSelle v\u00e4ga k\u00e4ep\u00e4rase t\u00f6\u00f6riistaga saate pudelitele korgid ohutult ja kiiresti peale panna. Keetke vesi, asetage kork pudelile ja pange korgiklamber korgi peale. Kastke keevasse vette ja kork sobib ideaalselt pudelikaelale vaid 3 sekundiga!<\/p>","protected":false},"excerpt":{"rendered":"<h3><span style=\"font-size: 16px;\">K\u00e4epide veinipudeli korkide kinnitamiseks.<\/span><\/h3>\n","protected":false},"featured_media":13252,"template":"","meta":[],"product_cat":[383,384,385],"product_tag":[],"_links":{"self":[{"href":"https:\/\/tdbeer.ee\/et\/wp-json\/wp\/v2\/product\/13251"}],"collection":[{"href":"https:\/\/tdbeer.ee\/et\/wp-json\/wp\/v2\/product"}],"about":[{"href":"https:\/\/tdbeer.ee\/et\/wp-json\/wp\/v2\/types\/product"}],"wp:featuredmedia":[{"embeddable":true,"href":"https:\/\/tdbeer.ee\/et\/wp-json\/wp\/v2\/media\/13252"}],"wp:attachment":[{"href":"https:\/\/tdbeer.ee\/et\/wp-json\/wp\/v2\/media?parent=13251"}],"wp:term":[{"taxonomy":"product_cat","embeddable":true,"href":"https:\/\/tdbeer.ee\/et\/wp-json\/wp\/v2\/product_cat?post=13251"},{"taxonomy":"product_tag","embeddable":true,"href":"https:\/\/tdbeer.ee\/et\/wp-json\/wp\/v2\/product_tag?post=13251"}],"curies":[{"name":"wp","href":"https:\/\/api.w.org\/{rel}","templated":true}]}}