{"id":13253,"date":"2023-09-29T18:40:56","date_gmt":"2023-09-29T18:40:56","guid":{"rendered":""},"modified":"2025-09-03T14:53:05","modified_gmt":"2025-09-03T12:53:05","slug":"chemipro-oxi-1-kg","status":"publish","type":"product","link":"https:\/\/tdbeer.ee\/et\/p\/chemipro-oxi-1-kg\/","title":{"rendered":"Aktiivhapnik Chemipro OXI"},"content":{"rendered":"<p><span style=\"font-size: 14px;\">Uus, keskkonnas\u00f5bralik toode. Aktiivhapnik v\u00e4hendab kokkupuuteaega ja tagab h\u00fcgieenilise puhtuse.<\/span><\/p>\n<p><span style=\"font-size: 14px;\">Doos: 4 g\/l kuuma vee kohta<\/span><br \/>\n<span style=\"font-size: 14px;\">Kokkupuuteaeg: 2\u20135 minutit<\/span><\/p>","protected":false},"excerpt":{"rendered":"<h3><span style=\"font-size: 16px;\">Aktiivhapnik Chemipro OXI 1KG<\/span><\/h3>\n","protected":false},"featured_media":13254,"template":"","meta":[],"product_cat":[366,386,387],"product_tag":[],"_links":{"self":[{"href":"https:\/\/tdbeer.ee\/et\/wp-json\/wp\/v2\/product\/13253"}],"collection":[{"href":"https:\/\/tdbeer.ee\/et\/wp-json\/wp\/v2\/product"}],"about":[{"href":"https:\/\/tdbeer.ee\/et\/wp-json\/wp\/v2\/types\/product"}],"wp:featuredmedia":[{"embeddable":true,"href":"https:\/\/tdbeer.ee\/et\/wp-json\/wp\/v2\/media\/13254"}],"wp:attachment":[{"href":"https:\/\/tdbeer.ee\/et\/wp-json\/wp\/v2\/media?parent=13253"}],"wp:term":[{"taxonomy":"product_cat","embeddable":true,"href":"https:\/\/tdbeer.ee\/et\/wp-json\/wp\/v2\/product_cat?post=13253"},{"taxonomy":"product_tag","embeddable":true,"href":"https:\/\/tdbeer.ee\/et\/wp-json\/wp\/v2\/product_tag?post=13253"}],"curies":[{"name":"wp","href":"https:\/\/api.w.org\/{rel}","templated":true}]}}