{"id":13279,"date":"2023-09-29T18:40:57","date_gmt":"2023-09-29T18:40:57","guid":{"rendered":""},"modified":"2025-09-17T11:04:45","modified_gmt":"2025-09-17T09:04:45","slug":"trelli-pump-novax-drill-20","status":"publish","type":"product","link":"https:\/\/tdbeer.ee\/et\/p\/trelli-pump-novax-drill-20\/","title":{"rendered":"Trelli Pump NOVAX Drill 20"},"content":{"rendered":"<p>Torud: \u00d820mm<br \/>\nTootlikkus: 1500 liitrit tunnis<br \/>\nP\u00f6\u00f6rete arv: 2850 p\u00f6\u00f6ret minutis<br \/>\nKaal: 1,5 kg<\/p>","protected":false},"excerpt":{"rendered":"<h3><span style=\"font-size: 16px;\">Trelli Pump NOVAX Drill 20<\/span><\/h3>\n","protected":false},"featured_media":13280,"template":"","meta":[],"product_cat":[366,378,411,383,410],"product_tag":[],"_links":{"self":[{"href":"https:\/\/tdbeer.ee\/et\/wp-json\/wp\/v2\/product\/13279"}],"collection":[{"href":"https:\/\/tdbeer.ee\/et\/wp-json\/wp\/v2\/product"}],"about":[{"href":"https:\/\/tdbeer.ee\/et\/wp-json\/wp\/v2\/types\/product"}],"wp:featuredmedia":[{"embeddable":true,"href":"https:\/\/tdbeer.ee\/et\/wp-json\/wp\/v2\/media\/13280"}],"wp:attachment":[{"href":"https:\/\/tdbeer.ee\/et\/wp-json\/wp\/v2\/media?parent=13279"}],"wp:term":[{"taxonomy":"product_cat","embeddable":true,"href":"https:\/\/tdbeer.ee\/et\/wp-json\/wp\/v2\/product_cat?post=13279"},{"taxonomy":"product_tag","embeddable":true,"href":"https:\/\/tdbeer.ee\/et\/wp-json\/wp\/v2\/product_tag?post=13279"}],"curies":[{"name":"wp","href":"https:\/\/api.w.org\/{rel}","templated":true}]}}