{"id":13290,"date":"2023-09-29T18:40:58","date_gmt":"2023-09-29T18:40:58","guid":{"rendered":""},"modified":"2025-08-19T14:34:05","modified_gmt":"2025-08-19T12:34:05","slug":"mexican-cerveza-beer-kit","status":"publish","type":"product","link":"https:\/\/tdbeer.ee\/et\/p\/mexican-cerveza-beer-kit\/","title":{"rendered":"Coopers DIY Beer Mexican Cerveza"},"content":{"rendered":"<p><span style=\"font-size: 14px;\">Mehhiko on tuntud oma kuivade maade, tolmuste olude ja r\u00f5huva kuumuse poolest. Seega pole \u00fcllatav, et Mehhiko rahvas on janu kustutamises osav.<\/span><br \/>\n<span style=\"font-size: 14px;\">Coopersi isetehtud \u00f5lu Mehhiko Cerveza j\u00e4ljendab Mehhikost eksporditavate parimate \u00f5llede stiili. See esmaklassiline \u00f5lu on kerge stiiliga ja v\u00e4rske puhta maitsega ning seda on ideaalne serveerida j\u00e4\u00e4k\u00fclmalt laimi- v\u00f5i sidruniviiluga.<\/span><br \/>\n<span style=\"font-size: 14px;\">Pakend sisaldab 1,7 kg sisu 23 liitri Mehhiko \u00f5lle valmistamiseks.<\/span><\/p>","protected":false},"excerpt":{"rendered":"<h3><span style=\"font-size: 16px;\">Coopers DIY Beer Mexican Cerveza<\/span><\/h3>\n","protected":false},"featured_media":15743,"template":"","meta":[],"product_cat":[370,371,413],"product_tag":[],"_links":{"self":[{"href":"https:\/\/tdbeer.ee\/et\/wp-json\/wp\/v2\/product\/13290"}],"collection":[{"href":"https:\/\/tdbeer.ee\/et\/wp-json\/wp\/v2\/product"}],"about":[{"href":"https:\/\/tdbeer.ee\/et\/wp-json\/wp\/v2\/types\/product"}],"wp:featuredmedia":[{"embeddable":true,"href":"https:\/\/tdbeer.ee\/et\/wp-json\/wp\/v2\/media\/15743"}],"wp:attachment":[{"href":"https:\/\/tdbeer.ee\/et\/wp-json\/wp\/v2\/media?parent=13290"}],"wp:term":[{"taxonomy":"product_cat","embeddable":true,"href":"https:\/\/tdbeer.ee\/et\/wp-json\/wp\/v2\/product_cat?post=13290"},{"taxonomy":"product_tag","embeddable":true,"href":"https:\/\/tdbeer.ee\/et\/wp-json\/wp\/v2\/product_tag?post=13290"}],"curies":[{"name":"wp","href":"https:\/\/api.w.org\/{rel}","templated":true}]}}