{"id":13292,"date":"2023-09-29T18:40:58","date_gmt":"2023-09-29T18:40:58","guid":{"rendered":""},"modified":"2025-08-19T14:53:38","modified_gmt":"2025-08-19T12:53:38","slug":"real-ale-beer-kit","status":"publish","type":"product","link":"https:\/\/tdbeer.ee\/et\/p\/real-ale-beer-kit\/","title":{"rendered":"Coopers DIY Beer Real Ale"},"content":{"rendered":"<p><span style=\"font-size: 14px;\">Erkkuldne v\u00e4rvus ja tugev vahukiht. Meeldiv puuviljade ja linnase segu aroomis, rikkalik suutunne ja m\u00f5\u00f5dukalt m\u00f5rkjas j\u00e4relmaitse. Hea n\u00e4ide Coopersi traditsioonilisest \u00f5llest. &#8220;Real Ale&#8217;i&#8221; maitse kogemine on t\u00f5eline nauding.<\/span><\/p>","protected":false},"excerpt":{"rendered":"<p><strong>Real Ale Beer Kit (1.7kg)<\/strong><\/p>\n","protected":false},"featured_media":13293,"template":"","meta":[],"product_cat":[370,371,413],"product_tag":[],"_links":{"self":[{"href":"https:\/\/tdbeer.ee\/et\/wp-json\/wp\/v2\/product\/13292"}],"collection":[{"href":"https:\/\/tdbeer.ee\/et\/wp-json\/wp\/v2\/product"}],"about":[{"href":"https:\/\/tdbeer.ee\/et\/wp-json\/wp\/v2\/types\/product"}],"wp:featuredmedia":[{"embeddable":true,"href":"https:\/\/tdbeer.ee\/et\/wp-json\/wp\/v2\/media\/13293"}],"wp:attachment":[{"href":"https:\/\/tdbeer.ee\/et\/wp-json\/wp\/v2\/media?parent=13292"}],"wp:term":[{"taxonomy":"product_cat","embeddable":true,"href":"https:\/\/tdbeer.ee\/et\/wp-json\/wp\/v2\/product_cat?post=13292"},{"taxonomy":"product_tag","embeddable":true,"href":"https:\/\/tdbeer.ee\/et\/wp-json\/wp\/v2\/product_tag?post=13292"}],"curies":[{"name":"wp","href":"https:\/\/api.w.org\/{rel}","templated":true}]}}