{"id":13294,"date":"2023-09-29T18:40:58","date_gmt":"2023-09-29T18:40:58","guid":{"rendered":""},"modified":"2025-08-19T14:00:57","modified_gmt":"2025-08-19T12:00:57","slug":"stout-beer-kit","status":"publish","type":"product","link":"https:\/\/tdbeer.ee\/et\/p\/stout-beer-kit\/","title":{"rendered":"Coopers DIY Beer Stout"},"content":{"rendered":"<p>Tumepruuni v\u00e4rvusega, p\u00fcsiva espressokreemi meenutava vahuga, kohvi, \u0161okolaadi ja teravilja aroomide segu, erakordne suus tunne ja tumedate linnaste omadused. Linnase tanniinide ja humala kibeduse kombinatsioon annab kuiva j\u00e4relmaitse. V\u00f5ib tarbida noorelt v\u00f5i laagerduda keldris aastaid suurep\u00e4raste tulemustega. Pakendis 1,7 kg. Valmistab 23 liitrit maitsvat k\u00e4sit\u00f6\u00f6stouti.<\/p>","protected":false},"excerpt":{"rendered":"<h3><span style=\"font-size: 16px;\">Coopers DIY Beer Stout<\/span><\/h3>\n","protected":false},"featured_media":15741,"template":"","meta":[],"product_cat":[370,371,413],"product_tag":[],"_links":{"self":[{"href":"https:\/\/tdbeer.ee\/et\/wp-json\/wp\/v2\/product\/13294"}],"collection":[{"href":"https:\/\/tdbeer.ee\/et\/wp-json\/wp\/v2\/product"}],"about":[{"href":"https:\/\/tdbeer.ee\/et\/wp-json\/wp\/v2\/types\/product"}],"wp:featuredmedia":[{"embeddable":true,"href":"https:\/\/tdbeer.ee\/et\/wp-json\/wp\/v2\/media\/15741"}],"wp:attachment":[{"href":"https:\/\/tdbeer.ee\/et\/wp-json\/wp\/v2\/media?parent=13294"}],"wp:term":[{"taxonomy":"product_cat","embeddable":true,"href":"https:\/\/tdbeer.ee\/et\/wp-json\/wp\/v2\/product_cat?post=13294"},{"taxonomy":"product_tag","embeddable":true,"href":"https:\/\/tdbeer.ee\/et\/wp-json\/wp\/v2\/product_tag?post=13294"}],"curies":[{"name":"wp","href":"https:\/\/api.w.org\/{rel}","templated":true}]}}