{"id":13296,"date":"2023-09-29T18:40:58","date_gmt":"2023-09-29T18:40:58","guid":{"rendered":""},"modified":"2025-08-25T10:48:39","modified_gmt":"2025-08-25T08:48:39","slug":"lager-beer-kit","status":"publish","type":"product","link":"https:\/\/tdbeer.ee\/et\/p\/lager-beer-kit\/","title":{"rendered":"Cooper DIY Beer Lager"},"content":{"rendered":"<p><span style=\"font-size: 14px;\">\u00d5lgkollane v\u00e4rv kuldsete varjundite ja pitsilise valge vahuga. Kerged lillelised aroomid j\u00e4rgnevad kergele kuni keskmise t\u00e4idlusega maitsele, millele lisanduvad peened linnase- ja humalamaitsed ning puhas j\u00e4relmaitse. Iseloomulik Austraalia laagri\u00f5lu.<\/span><\/p>\n<p><span style=\"font-size: 14px;\">Netokaal: 1,7 kg<\/span><br \/>\n<span style=\"font-size: 14px;\">Teeb 23 liitrit \u00f5lut.<\/span><\/p>","protected":false},"excerpt":{"rendered":"<h3><span style=\"font-size: 16px;\">Linnaseekstrakt \u201cCoopers DIY Beer Lager\u201d<\/span><\/h3>\n","protected":false},"featured_media":15799,"template":"","meta":[],"product_cat":[370,371,413],"product_tag":[],"_links":{"self":[{"href":"https:\/\/tdbeer.ee\/et\/wp-json\/wp\/v2\/product\/13296"}],"collection":[{"href":"https:\/\/tdbeer.ee\/et\/wp-json\/wp\/v2\/product"}],"about":[{"href":"https:\/\/tdbeer.ee\/et\/wp-json\/wp\/v2\/types\/product"}],"wp:featuredmedia":[{"embeddable":true,"href":"https:\/\/tdbeer.ee\/et\/wp-json\/wp\/v2\/media\/15799"}],"wp:attachment":[{"href":"https:\/\/tdbeer.ee\/et\/wp-json\/wp\/v2\/media?parent=13296"}],"wp:term":[{"taxonomy":"product_cat","embeddable":true,"href":"https:\/\/tdbeer.ee\/et\/wp-json\/wp\/v2\/product_cat?post=13296"},{"taxonomy":"product_tag","embeddable":true,"href":"https:\/\/tdbeer.ee\/et\/wp-json\/wp\/v2\/product_tag?post=13296"}],"curies":[{"name":"wp","href":"https:\/\/api.w.org\/{rel}","templated":true}]}}