{"id":13298,"date":"2023-09-29T18:40:58","date_gmt":"2023-09-29T18:40:58","guid":{"rendered":""},"modified":"2025-08-25T10:27:30","modified_gmt":"2025-08-25T08:27:30","slug":"australian-pale-ale-beer-kit","status":"publish","type":"product","link":"https:\/\/tdbeer.ee\/et\/p\/australian-pale-ale-beer-kit\/","title":{"rendered":"Coopers DIY Beer Australian Pale Ale"},"content":{"rendered":"<p><span style=\"font-size: 14px;\">Suure n\u00f5udluse peale on meie \u00f5llepruulijad v\u00e4lja t\u00f6\u00f6tanud \u00f5llekontsentraadi kuulsa Coopers Original Pale Ale&#8217;i stiilis, mida peetakse Austraalia s\u00fcmboliks.<\/span><\/p>\n<p><span style=\"font-size: 14px;\">Parim kaherealine oder, humal ja spetsiaalselt valitud p\u00e4rm loovad koos puuviljaste ja lilleliste nootidega \u00f5lle, mida tasakaalustab karge kibedus ja rikkalik maitse ning mis sobib ideaalselt igaks s\u00fcndmuseks.<\/span><\/p>\n<p><span style=\"font-size: 14px;\">Sisu netokaal: 1,7 kg<\/span><br \/>\n<span style=\"font-size: 14px;\">Valmistab 23 liitrit \u00f5lut\/ale&#8217;i.<\/span><\/p>","protected":false},"excerpt":{"rendered":"<h3><span style=\"font-size: 16px;\">Linnaseekstrakt &#8220;Coopers DIY Beer Australian Pale Ale&#8221;<\/span><\/h3>\n","protected":false},"featured_media":15797,"template":"","meta":[],"product_cat":[370,371,413],"product_tag":[],"_links":{"self":[{"href":"https:\/\/tdbeer.ee\/et\/wp-json\/wp\/v2\/product\/13298"}],"collection":[{"href":"https:\/\/tdbeer.ee\/et\/wp-json\/wp\/v2\/product"}],"about":[{"href":"https:\/\/tdbeer.ee\/et\/wp-json\/wp\/v2\/types\/product"}],"wp:featuredmedia":[{"embeddable":true,"href":"https:\/\/tdbeer.ee\/et\/wp-json\/wp\/v2\/media\/15797"}],"wp:attachment":[{"href":"https:\/\/tdbeer.ee\/et\/wp-json\/wp\/v2\/media?parent=13298"}],"wp:term":[{"taxonomy":"product_cat","embeddable":true,"href":"https:\/\/tdbeer.ee\/et\/wp-json\/wp\/v2\/product_cat?post=13298"},{"taxonomy":"product_tag","embeddable":true,"href":"https:\/\/tdbeer.ee\/et\/wp-json\/wp\/v2\/product_tag?post=13298"}],"curies":[{"name":"wp","href":"https:\/\/api.w.org\/{rel}","templated":true}]}}