{"id":13300,"date":"2023-09-29T18:40:58","date_gmt":"2023-09-29T18:40:58","guid":{"rendered":""},"modified":"2025-08-19T14:28:29","modified_gmt":"2025-08-19T12:28:29","slug":"canadian-blonde-beer-kit","status":"publish","type":"product","link":"https:\/\/tdbeer.ee\/et\/p\/canadian-blonde-beer-kit\/","title":{"rendered":"Coopers DIY Beer Canadian Blonde"},"content":{"rendered":"<p><span style=\"font-size: 14px;\">Karged kahvatu linnase aroomid v\u00fcrtsika humala vihjega, puhtad kahvatu linnase maitsed ja kerge maitse, mis l\u00f5peb ilmse humala kibedusega. Hele \u00f5lgv\u00e4rv. Ideaalne suviseks joomiseks. Pakend kaalub 1,7 kg 23 liitri \u00f5lle valmistamiseks.<\/span><\/p>","protected":false},"excerpt":{"rendered":"<h3><span style=\"font-size: 16px;\">Coopers DIY Beer Canadian Blonde<\/span><\/h3>\n","protected":false},"featured_media":15742,"template":"","meta":[],"product_cat":[370,371,413],"product_tag":[],"_links":{"self":[{"href":"https:\/\/tdbeer.ee\/et\/wp-json\/wp\/v2\/product\/13300"}],"collection":[{"href":"https:\/\/tdbeer.ee\/et\/wp-json\/wp\/v2\/product"}],"about":[{"href":"https:\/\/tdbeer.ee\/et\/wp-json\/wp\/v2\/types\/product"}],"wp:featuredmedia":[{"embeddable":true,"href":"https:\/\/tdbeer.ee\/et\/wp-json\/wp\/v2\/media\/15742"}],"wp:attachment":[{"href":"https:\/\/tdbeer.ee\/et\/wp-json\/wp\/v2\/media?parent=13300"}],"wp:term":[{"taxonomy":"product_cat","embeddable":true,"href":"https:\/\/tdbeer.ee\/et\/wp-json\/wp\/v2\/product_cat?post=13300"},{"taxonomy":"product_tag","embeddable":true,"href":"https:\/\/tdbeer.ee\/et\/wp-json\/wp\/v2\/product_tag?post=13300"}],"curies":[{"name":"wp","href":"https:\/\/api.w.org\/{rel}","templated":true}]}}