{"id":13302,"date":"2023-09-29T18:40:58","date_gmt":"2023-09-29T18:40:58","guid":{"rendered":""},"modified":"2025-08-27T13:32:37","modified_gmt":"2025-08-27T11:32:37","slug":"dark-ale-beer-kit","status":"publish","type":"product","link":"https:\/\/tdbeer.ee\/et\/p\/dark-ale-beer-kit\/","title":{"rendered":"Coopers DIY Beer Dark Ale"},"content":{"rendered":"<p><span style=\"font-size: 14px;\">Rikkalik mahagoniv\u00e4rv ja kreemjas vaht. R\u00f6stitud linnase aroomid \u0161okolaadise vihjega, rikkalik suutunnetus, milles domineerivad r\u00f6stitud linnase maitsed, piisav humala kibedus tasakaalu saavutamiseks ja kuiv j\u00e4relmaitse. Tumeda \u00f5lle joojate lemmik. Pakend sisaldab 1,7 kg sisu 23 liitri maitsva tumeda \u00f5lle valmistamiseks.<\/span><\/p>","protected":false},"excerpt":{"rendered":"<h3><span style=\"font-size: 16px;\">Coopers DIY Beer Dark Ale<\/span><\/h3>\n","protected":false},"featured_media":15744,"template":"","meta":[],"product_cat":[370,371,413],"product_tag":[],"_links":{"self":[{"href":"https:\/\/tdbeer.ee\/et\/wp-json\/wp\/v2\/product\/13302"}],"collection":[{"href":"https:\/\/tdbeer.ee\/et\/wp-json\/wp\/v2\/product"}],"about":[{"href":"https:\/\/tdbeer.ee\/et\/wp-json\/wp\/v2\/types\/product"}],"wp:featuredmedia":[{"embeddable":true,"href":"https:\/\/tdbeer.ee\/et\/wp-json\/wp\/v2\/media\/15744"}],"wp:attachment":[{"href":"https:\/\/tdbeer.ee\/et\/wp-json\/wp\/v2\/media?parent=13302"}],"wp:term":[{"taxonomy":"product_cat","embeddable":true,"href":"https:\/\/tdbeer.ee\/et\/wp-json\/wp\/v2\/product_cat?post=13302"},{"taxonomy":"product_tag","embeddable":true,"href":"https:\/\/tdbeer.ee\/et\/wp-json\/wp\/v2\/product_tag?post=13302"}],"curies":[{"name":"wp","href":"https:\/\/api.w.org\/{rel}","templated":true}]}}