{"id":13304,"date":"2023-09-29T18:40:59","date_gmt":"2023-09-29T18:40:59","guid":{"rendered":""},"modified":"2025-08-19T13:51:46","modified_gmt":"2025-08-19T11:51:46","slug":"draught-beer-kit","status":"publish","type":"product","link":"https:\/\/tdbeer.ee\/et\/p\/draught-beer-kit\/","title":{"rendered":"Coopers DIY Beer Draught"},"content":{"rendered":"<p><span style=\"font-size: 14px;\">Coopers Draught (1,7 kg)<\/span><\/p>\n<p><span class=\"HwtZe\" lang=\"et\" style=\"font-size: 14px;\"><span class=\"jCAhz ChMk0b\"><span class=\"ryNqvb\">Helekollane-kuldne v\u00e4rvus, tihedalt t\u00e4idetud valge vahuga, lilleline aroom linnase vihjega, keskmise t\u00e4idlusega maitse \u00f5rna humala ja kergelt m\u00f5rkja j\u00e4relmaitsega.<\/span><\/span> <span class=\"jCAhz\"><span class=\"ryNqvb\">Seda \u00f5lut hindab ka k\u00f5ige n\u00f5udlikum vaadi\u00f5de. Valmistab 23 liitrit maitsvat k\u00e4sit\u00f6\u00f6\u00f5lut<\/span><\/span><\/span><\/p>","protected":false},"excerpt":{"rendered":"<p><span style=\"font-size: 14px;\">Draught Beer Kit (1.7kg)<\/span><\/p>\n<div><span style=\"font-size: 14px;\">Kuldkollase v\u00e4rviga \u00f5lu, linnase aroomiga ja ka pisut kibe.V\u00e4ljavalitud \u00f5lu.K\u00e4\u00e4rimiseks vaja lisada 1 kilo suhkrut.<\/span><\/div>\n","protected":false},"featured_media":15740,"template":"","meta":[],"product_cat":[370,371,413],"product_tag":[],"_links":{"self":[{"href":"https:\/\/tdbeer.ee\/et\/wp-json\/wp\/v2\/product\/13304"}],"collection":[{"href":"https:\/\/tdbeer.ee\/et\/wp-json\/wp\/v2\/product"}],"about":[{"href":"https:\/\/tdbeer.ee\/et\/wp-json\/wp\/v2\/types\/product"}],"wp:featuredmedia":[{"embeddable":true,"href":"https:\/\/tdbeer.ee\/et\/wp-json\/wp\/v2\/media\/15740"}],"wp:attachment":[{"href":"https:\/\/tdbeer.ee\/et\/wp-json\/wp\/v2\/media?parent=13304"}],"wp:term":[{"taxonomy":"product_cat","embeddable":true,"href":"https:\/\/tdbeer.ee\/et\/wp-json\/wp\/v2\/product_cat?post=13304"},{"taxonomy":"product_tag","embeddable":true,"href":"https:\/\/tdbeer.ee\/et\/wp-json\/wp\/v2\/product_tag?post=13304"}],"curies":[{"name":"wp","href":"https:\/\/api.w.org\/{rel}","templated":true}]}}