{"id":13306,"date":"2023-09-29T18:40:59","date_gmt":"2023-09-29T18:40:59","guid":{"rendered":""},"modified":"2025-08-25T10:38:18","modified_gmt":"2025-08-25T08:38:18","slug":"english-bitter-beer-kit","status":"publish","type":"product","link":"https:\/\/tdbeer.ee\/et\/p\/english-bitter-beer-kit\/","title":{"rendered":"Coopers DIY Beer English Bitter"},"content":{"rendered":"<p><span style=\"font-size: 14px;\">Coopers DIY Beer English Bitter on pruunikasvaskne \u00f5lu punaste varjundite ja kreemja vahuga. Sellel on meeldiv lilleline aroom, mis seguneb r\u00f6stitud\/magusate linnase maitsetega, millele j\u00e4rgneb kindel m\u00f5rkjas j\u00e4relmaitse. Soovi korral v\u00f5ib seda serveerida veidi v\u00e4hem jahutatult.<\/span><\/p>\n<p><span style=\"font-size: 14px;\">Sisu netokaal: 1,7 kg<\/span><br \/>\n<span style=\"font-size: 14px;\">Teeb 23 liitrit \u00f5lut.<\/span><\/p>","protected":false},"excerpt":{"rendered":"<h3><span style=\"font-size: 16px;\">Linnaseekstrakt \u201cCoopers DIY Beer English Bitter&#8221;<\/span><\/h3>\n","protected":false},"featured_media":15798,"template":"","meta":[],"product_cat":[370,371,413],"product_tag":[],"_links":{"self":[{"href":"https:\/\/tdbeer.ee\/et\/wp-json\/wp\/v2\/product\/13306"}],"collection":[{"href":"https:\/\/tdbeer.ee\/et\/wp-json\/wp\/v2\/product"}],"about":[{"href":"https:\/\/tdbeer.ee\/et\/wp-json\/wp\/v2\/types\/product"}],"wp:featuredmedia":[{"embeddable":true,"href":"https:\/\/tdbeer.ee\/et\/wp-json\/wp\/v2\/media\/15798"}],"wp:attachment":[{"href":"https:\/\/tdbeer.ee\/et\/wp-json\/wp\/v2\/media?parent=13306"}],"wp:term":[{"taxonomy":"product_cat","embeddable":true,"href":"https:\/\/tdbeer.ee\/et\/wp-json\/wp\/v2\/product_cat?post=13306"},{"taxonomy":"product_tag","embeddable":true,"href":"https:\/\/tdbeer.ee\/et\/wp-json\/wp\/v2\/product_tag?post=13306"}],"curies":[{"name":"wp","href":"https:\/\/api.w.org\/{rel}","templated":true}]}}