{"id":13308,"date":"2023-09-29T18:40:59","date_gmt":"2023-09-29T18:40:59","guid":{"rendered":""},"modified":"2025-08-19T14:46:58","modified_gmt":"2025-08-19T12:46:58","slug":"european-lager","status":"publish","type":"product","link":"https:\/\/tdbeer.ee\/et\/p\/european-lager\/","title":{"rendered":"Coopers DIY Beer European Lager"},"content":{"rendered":"<p><span style=\"font-size: 14px;\">Coopersi DIY Beer Euroopa lager on inspireeritud P\u00f5hja-Euroopast eksporditud parima kvaliteediga lagerite stiilist.<\/span><br \/>\n<span style=\"font-size: 14px;\">Serveeri h\u00e4sti jahutatult k\u00f5rges ja kitsas klaasis, millel on umbes 5 cm k\u00f5rgune vahukiht, ning naudi \u00fcrdise humala aroomi ja karge j\u00e4relmaitset.<\/span><br \/>\n<span style=\"font-size: 14px;\">Nauti maitsvat \u00f5llejooki Euroopa h\u00f5nguga!<\/span><br \/>\n<span style=\"font-size: 14px;\">Pakend sisaldab 1,7 kg sisu 23 liitri lager\u00f5lle valmistamiseks.<\/span><\/p>","protected":false},"excerpt":{"rendered":"<h3><span style=\"font-size: 16px;\">Coopers DIY Beer European Lager<\/span><\/h3>\n","protected":false},"featured_media":15745,"template":"","meta":[],"product_cat":[370,371,413],"product_tag":[],"_links":{"self":[{"href":"https:\/\/tdbeer.ee\/et\/wp-json\/wp\/v2\/product\/13308"}],"collection":[{"href":"https:\/\/tdbeer.ee\/et\/wp-json\/wp\/v2\/product"}],"about":[{"href":"https:\/\/tdbeer.ee\/et\/wp-json\/wp\/v2\/types\/product"}],"wp:featuredmedia":[{"embeddable":true,"href":"https:\/\/tdbeer.ee\/et\/wp-json\/wp\/v2\/media\/15745"}],"wp:attachment":[{"href":"https:\/\/tdbeer.ee\/et\/wp-json\/wp\/v2\/media?parent=13308"}],"wp:term":[{"taxonomy":"product_cat","embeddable":true,"href":"https:\/\/tdbeer.ee\/et\/wp-json\/wp\/v2\/product_cat?post=13308"},{"taxonomy":"product_tag","embeddable":true,"href":"https:\/\/tdbeer.ee\/et\/wp-json\/wp\/v2\/product_tag?post=13308"}],"curies":[{"name":"wp","href":"https:\/\/api.w.org\/{rel}","templated":true}]}}