{"id":13310,"date":"2023-09-29T18:40:59","date_gmt":"2023-09-29T18:40:59","guid":{"rendered":"https:\/\/tdbeer.ee\/ru\/p\/pivnoy-solodoviy-ekstrakt-finlandia\/"},"modified":"2025-09-03T10:53:19","modified_gmt":"2025-09-03T08:53:19","slug":"finlandia-traditional","status":"publish","type":"product","link":"https:\/\/tdbeer.ee\/et\/p\/finlandia-traditional\/","title":{"rendered":"Finlandia Traditional"},"content":{"rendered":"<p><span style=\"font-size: 14px;\">Finlandia Traditional ekstrakt on valmistatud odralinnasest ja maitsestatud isomeeritud humalaekstraktiga, mis annab \u00f5llele rikkaliku maitse, mida hindavad eriti \u00f5lles\u00f5brad.<\/span><br \/>\n<span style=\"font-size: 14px;\">Rikkalik maitse on t\u00e4iesti naturaalne. Toote koostises ei ole kasutatud lisaaineid, v\u00e4rvaineid, s\u00e4ilitusaineid ega muid aineid.<\/span><br \/>\n<span style=\"font-size: 14px;\">Finlandia ekstrakt saab oma rikkaliku ja ainulaadse maitse t\u00e4nu valitud odralinnasele.<\/span><br \/>\n<span style=\"font-size: 14px;\">L\u00e4bipaistev, merevaigukollane hele \u00f5lu kerge humala aroomiga, nagu Vienna \u00f5lu.<\/span><\/p>\n<p><span style=\"font-size: 14px;\">Netokaal: 1 kg<\/span><br \/>\n<span style=\"font-size: 14px;\">M\u00f5eldud: 15-20 l (s\u00f5ltuvalt lisatud vee kogusest)<\/span><br \/>\n<span style=\"font-size: 14px;\">Algtihedus: 11,7 &#8211; 9,0%<\/span><br \/>\n<span style=\"font-size: 14px;\">Alkoholisisaldus: 4,8 &#8211; 6,4%<\/span><\/p>","protected":false},"excerpt":{"rendered":"<p>Finlandia Tradional \u00f5lle linnaseekstrakt<\/p>\n","protected":false},"featured_media":15839,"template":"","meta":[],"product_cat":[370,371,415],"product_tag":[],"_links":{"self":[{"href":"https:\/\/tdbeer.ee\/et\/wp-json\/wp\/v2\/product\/13310"}],"collection":[{"href":"https:\/\/tdbeer.ee\/et\/wp-json\/wp\/v2\/product"}],"about":[{"href":"https:\/\/tdbeer.ee\/et\/wp-json\/wp\/v2\/types\/product"}],"wp:featuredmedia":[{"embeddable":true,"href":"https:\/\/tdbeer.ee\/et\/wp-json\/wp\/v2\/media\/15839"}],"wp:attachment":[{"href":"https:\/\/tdbeer.ee\/et\/wp-json\/wp\/v2\/media?parent=13310"}],"wp:term":[{"taxonomy":"product_cat","embeddable":true,"href":"https:\/\/tdbeer.ee\/et\/wp-json\/wp\/v2\/product_cat?post=13310"},{"taxonomy":"product_tag","embeddable":true,"href":"https:\/\/tdbeer.ee\/et\/wp-json\/wp\/v2\/product_tag?post=13310"}],"curies":[{"name":"wp","href":"https:\/\/api.w.org\/{rel}","templated":true}]}}