{"id":13336,"date":"2023-09-29T18:41:00","date_gmt":"2023-09-29T18:41:00","guid":{"rendered":""},"modified":"2025-09-02T14:01:09","modified_gmt":"2025-09-02T12:01:09","slug":"mikro-browar-eco-2","status":"publish","type":"product","link":"https:\/\/tdbeer.ee\/et\/p\/mikro-browar-eco-2\/","title":{"rendered":"Mikro Browar ECO 2"},"content":{"rendered":"<p><span style=\"font-size: 14px;\">Suurep\u00e4rane \u00f5llekomplekt isale, kallile mehele ja s\u00f5pradele!<\/span><\/p>\n<p><span style=\"font-size: 14px;\">Valmista kodus t\u00f5elist \u00f5lut!<\/span><\/p>\n<p><span style=\"font-size: 14px;\">Komplektis:<\/span><br \/>\n<span style=\"font-size: 14px;\">&#8211; K\u00e4\u00e4rituspaak 30l<\/span><br \/>\n<span style=\"font-size: 14px;\">&#8211; Veelukk<\/span><br \/>\n<span style=\"font-size: 14px;\">&#8211; Kraan<\/span><br \/>\n<span style=\"font-size: 14px;\">&#8211; Pipetiga h\u00fcdromeeter (suhkru m\u00f5\u00f5tmiseks)<\/span><br \/>\n<span style=\"font-size: 14px;\">&#8211; Suhkru m\u00f5\u00f5telusikas (2, 4, 6 g jaoks)<\/span><br \/>\n<span style=\"font-size: 14px;\">&#8211; Cooper&#8217;s DIY \u00f5lle linnasekontsentraat 1,7 kg (23 l joogi jaoks)<\/span><\/p>","protected":false},"excerpt":{"rendered":"<div id=\"short_description_block\">\n<div id=\"short_description_content\" class=\"rte align_justify\">\n<h3><span style=\"font-size: 16px;\">Cooper&#8217;s Mirko Browar ECO 2 \u00f5llepruulimise komplekt<\/span><\/h3>\n<\/div>\n<\/div>\n","protected":false},"featured_media":15836,"template":"","meta":[],"product_cat":[370],"product_tag":[],"_links":{"self":[{"href":"https:\/\/tdbeer.ee\/et\/wp-json\/wp\/v2\/product\/13336"}],"collection":[{"href":"https:\/\/tdbeer.ee\/et\/wp-json\/wp\/v2\/product"}],"about":[{"href":"https:\/\/tdbeer.ee\/et\/wp-json\/wp\/v2\/types\/product"}],"wp:featuredmedia":[{"embeddable":true,"href":"https:\/\/tdbeer.ee\/et\/wp-json\/wp\/v2\/media\/15836"}],"wp:attachment":[{"href":"https:\/\/tdbeer.ee\/et\/wp-json\/wp\/v2\/media?parent=13336"}],"wp:term":[{"taxonomy":"product_cat","embeddable":true,"href":"https:\/\/tdbeer.ee\/et\/wp-json\/wp\/v2\/product_cat?post=13336"},{"taxonomy":"product_tag","embeddable":true,"href":"https:\/\/tdbeer.ee\/et\/wp-json\/wp\/v2\/product_tag?post=13336"}],"curies":[{"name":"wp","href":"https:\/\/api.w.org\/{rel}","templated":true}]}}