{"id":13358,"date":"2023-09-29T18:41:01","date_gmt":"2023-09-29T18:41:01","guid":{"rendered":""},"modified":"2025-09-09T12:21:45","modified_gmt":"2025-09-09T10:21:45","slug":"komplekt-destsileerimiseks","status":"publish","type":"product","link":"https:\/\/tdbeer.ee\/et\/p\/komplekt-destsileerimiseks\/","title":{"rendered":"Destilleerimiskomplekt"},"content":{"rendered":"<p><span style=\"font-size: 14px;\">M\u00fc\u00fcakse komplektina, mis sisaldab:<\/span><\/p>\n<p><span style=\"font-size: 14px;\">2 m pikkust ja 8 mm l\u00e4bim\u00f5\u00f5duga PVC-toru<\/span><\/p>\n<p><span style=\"font-size: 14px;\">&#8211; 7 cm pikkust ja 10 mm l\u00e4bim\u00f5\u00f5duga PVC-toru<\/span><\/p>\n<p><span style=\"font-size: 14px;\">&#8211; 9 cm pikkust ja 8 mm l\u00e4bim\u00f5\u00f5duga silikoontoru<\/span><\/p>\n<p><span style=\"font-size: 14px;\">&#8211; 8 cm pikkust klaastoru. Valmistatud materjalidest, mis on sertifitseeritud alkoholi sisaldavate toiduainetega kokkupuutumiseks.<\/span><\/p>","protected":false},"excerpt":{"rendered":"<h3><span style=\"font-size: 16px;\">Destilleerimiskomplekt<\/span><\/h3>\n","protected":false},"featured_media":13359,"template":"","meta":[],"product_cat":[366,378,434,435,383,432,433],"product_tag":[],"_links":{"self":[{"href":"https:\/\/tdbeer.ee\/et\/wp-json\/wp\/v2\/product\/13358"}],"collection":[{"href":"https:\/\/tdbeer.ee\/et\/wp-json\/wp\/v2\/product"}],"about":[{"href":"https:\/\/tdbeer.ee\/et\/wp-json\/wp\/v2\/types\/product"}],"wp:featuredmedia":[{"embeddable":true,"href":"https:\/\/tdbeer.ee\/et\/wp-json\/wp\/v2\/media\/13359"}],"wp:attachment":[{"href":"https:\/\/tdbeer.ee\/et\/wp-json\/wp\/v2\/media?parent=13358"}],"wp:term":[{"taxonomy":"product_cat","embeddable":true,"href":"https:\/\/tdbeer.ee\/et\/wp-json\/wp\/v2\/product_cat?post=13358"},{"taxonomy":"product_tag","embeddable":true,"href":"https:\/\/tdbeer.ee\/et\/wp-json\/wp\/v2\/product_tag?post=13358"}],"curies":[{"name":"wp","href":"https:\/\/api.w.org\/{rel}","templated":true}]}}