{"id":13418,"date":"2023-09-29T18:41:04","date_gmt":"2023-09-29T18:41:04","guid":{"rendered":""},"modified":"2025-09-16T14:44:33","modified_gmt":"2025-09-16T12:44:33","slug":"vesilukk4","status":"publish","type":"product","link":"https:\/\/tdbeer.ee\/et\/p\/vesilukk4\/","title":{"rendered":"\u00d5hulukk k\u00e4\u00e4ritamiseks"},"content":{"rendered":"","protected":false},"excerpt":{"rendered":"<h3><span style=\"font-size: 16px;\">K\u00e4\u00e4ritamise \u00f5hulukk plastkaanega<\/span><\/h3>\n","protected":false},"featured_media":13419,"template":"","meta":[],"product_cat":[367,481,368,480],"product_tag":[],"_links":{"self":[{"href":"https:\/\/tdbeer.ee\/et\/wp-json\/wp\/v2\/product\/13418"}],"collection":[{"href":"https:\/\/tdbeer.ee\/et\/wp-json\/wp\/v2\/product"}],"about":[{"href":"https:\/\/tdbeer.ee\/et\/wp-json\/wp\/v2\/types\/product"}],"wp:featuredmedia":[{"embeddable":true,"href":"https:\/\/tdbeer.ee\/et\/wp-json\/wp\/v2\/media\/13419"}],"wp:attachment":[{"href":"https:\/\/tdbeer.ee\/et\/wp-json\/wp\/v2\/media?parent=13418"}],"wp:term":[{"taxonomy":"product_cat","embeddable":true,"href":"https:\/\/tdbeer.ee\/et\/wp-json\/wp\/v2\/product_cat?post=13418"},{"taxonomy":"product_tag","embeddable":true,"href":"https:\/\/tdbeer.ee\/et\/wp-json\/wp\/v2\/product_tag?post=13418"}],"curies":[{"name":"wp","href":"https:\/\/api.w.org\/{rel}","templated":true}]}}