{"id":13420,"date":"2023-09-29T18:41:04","date_gmt":"2023-09-29T18:41:04","guid":{"rendered":"https:\/\/tdbeer.ee\/ru\/p\/nonne-noir-vinniy-komplekt-krasnye-vina\/"},"modified":"2025-08-21T11:33:03","modified_gmt":"2025-08-21T09:33:03","slug":"nonne-noir-punased-veinid","status":"publish","type":"product","link":"https:\/\/tdbeer.ee\/et\/p\/nonne-noir-punased-veinid\/","title":{"rendered":"Nonne Noir Frascati"},"content":{"rendered":"<p><span style=\"font-size: 14px;\">T\u00e4nu k\u00f5rgele loodusliku viinamarjasuhkru sisaldusele saavutate kiire ja t\u00f5husa k\u00e4\u00e4rimise, seega pole k\u00e4\u00e4ritamiseks vaja t\u00e4iendavat suhkrut. Viinamarjade looduslikust suhkrusisaldusest piisab umbes 11% kangusega veini saamiseks. Pakend sisaldab 5 liitrit kontsentraati 23 liitri maitsva valge veini valmistamiseks.<\/span><\/p>","protected":false},"excerpt":{"rendered":"<h3><span style=\"font-size: 16px;\">Viinamarjamahla kontsentraat &#8220;Nonne Noir Frascati&#8221;<\/span><\/h3>\n","protected":false},"featured_media":15750,"template":"","meta":[],"product_cat":[366,482],"product_tag":[],"_links":{"self":[{"href":"https:\/\/tdbeer.ee\/et\/wp-json\/wp\/v2\/product\/13420"}],"collection":[{"href":"https:\/\/tdbeer.ee\/et\/wp-json\/wp\/v2\/product"}],"about":[{"href":"https:\/\/tdbeer.ee\/et\/wp-json\/wp\/v2\/types\/product"}],"wp:featuredmedia":[{"embeddable":true,"href":"https:\/\/tdbeer.ee\/et\/wp-json\/wp\/v2\/media\/15750"}],"wp:attachment":[{"href":"https:\/\/tdbeer.ee\/et\/wp-json\/wp\/v2\/media?parent=13420"}],"wp:term":[{"taxonomy":"product_cat","embeddable":true,"href":"https:\/\/tdbeer.ee\/et\/wp-json\/wp\/v2\/product_cat?post=13420"},{"taxonomy":"product_tag","embeddable":true,"href":"https:\/\/tdbeer.ee\/et\/wp-json\/wp\/v2\/product_tag?post=13420"}],"curies":[{"name":"wp","href":"https:\/\/api.w.org\/{rel}","templated":true}]}}