{"id":13422,"date":"2023-09-29T18:41:04","date_gmt":"2023-09-29T18:41:04","guid":{"rendered":"https:\/\/tdbeer.ee\/ru\/p\/nonne-noir-vinniy-komplekt-kreplenye-vina\/"},"modified":"2025-08-21T12:42:05","modified_gmt":"2025-08-21T10:42:05","slug":"nonne-noir-kanged-veinid","status":"publish","type":"product","link":"https:\/\/tdbeer.ee\/et\/p\/nonne-noir-kanged-veinid\/","title":{"rendered":"Nonne Noir Portvin (Portero)"},"content":{"rendered":"<p><span style=\"font-size: 14px;\">Kontsentraat portveini valmistamiseks &#8211; Portugali kangestatud vein. K\u00f5rge viinamarjasuhkru sisaldusega on k\u00e4\u00e4rimine kiirem ja t\u00f5husam. Seet\u00f5ttu pole vaja lisada suhkrut. Nautige veini Portugali varjundiga. Pakend sisaldab 5 liitrit kontsentraati, mis on m\u00f5eldud 23 liitri punase portveini valmistamiseks.<\/span><\/p>","protected":false},"excerpt":{"rendered":"<h3><span style=\"font-size: 16px;\">Veinikontsentraat &#8220;Nonne Noir Portvin (Portero)&#8221;<\/span><\/h3>\n","protected":false},"featured_media":13423,"template":"","meta":[],"product_cat":[366,482],"product_tag":[],"_links":{"self":[{"href":"https:\/\/tdbeer.ee\/et\/wp-json\/wp\/v2\/product\/13422"}],"collection":[{"href":"https:\/\/tdbeer.ee\/et\/wp-json\/wp\/v2\/product"}],"about":[{"href":"https:\/\/tdbeer.ee\/et\/wp-json\/wp\/v2\/types\/product"}],"wp:featuredmedia":[{"embeddable":true,"href":"https:\/\/tdbeer.ee\/et\/wp-json\/wp\/v2\/media\/13423"}],"wp:attachment":[{"href":"https:\/\/tdbeer.ee\/et\/wp-json\/wp\/v2\/media?parent=13422"}],"wp:term":[{"taxonomy":"product_cat","embeddable":true,"href":"https:\/\/tdbeer.ee\/et\/wp-json\/wp\/v2\/product_cat?post=13422"},{"taxonomy":"product_tag","embeddable":true,"href":"https:\/\/tdbeer.ee\/et\/wp-json\/wp\/v2\/product_tag?post=13422"}],"curies":[{"name":"wp","href":"https:\/\/api.w.org\/{rel}","templated":true}]}}