{"id":13428,"date":"2023-09-29T18:41:04","date_gmt":"2023-09-29T18:41:04","guid":{"rendered":""},"modified":"2025-09-02T14:16:37","modified_gmt":"2025-09-02T12:16:37","slug":"hudromeeter","status":"publish","type":"product","link":"https:\/\/tdbeer.ee\/et\/p\/hudromeeter\/","title":{"rendered":"H\u00fcdromeeter"},"content":{"rendered":"<p><span style=\"font-size: 14px;\">M\u00f5\u00f5dab tihedust, suhkrusisaldust, v\u00f5imalikku alkoholisisaldust, pikkus: 26 cm.<\/span><\/p>","protected":false},"excerpt":{"rendered":"<h3><span style=\"font-size: 16px;\">H\u00fcdromeeter veini ja \u00f5lle jaoks.<\/span><\/h3>\n","protected":false},"featured_media":13429,"template":"","meta":[],"product_cat":[370,483,485,489,366,491,490],"product_tag":[],"_links":{"self":[{"href":"https:\/\/tdbeer.ee\/et\/wp-json\/wp\/v2\/product\/13428"}],"collection":[{"href":"https:\/\/tdbeer.ee\/et\/wp-json\/wp\/v2\/product"}],"about":[{"href":"https:\/\/tdbeer.ee\/et\/wp-json\/wp\/v2\/types\/product"}],"wp:featuredmedia":[{"embeddable":true,"href":"https:\/\/tdbeer.ee\/et\/wp-json\/wp\/v2\/media\/13429"}],"wp:attachment":[{"href":"https:\/\/tdbeer.ee\/et\/wp-json\/wp\/v2\/media?parent=13428"}],"wp:term":[{"taxonomy":"product_cat","embeddable":true,"href":"https:\/\/tdbeer.ee\/et\/wp-json\/wp\/v2\/product_cat?post=13428"},{"taxonomy":"product_tag","embeddable":true,"href":"https:\/\/tdbeer.ee\/et\/wp-json\/wp\/v2\/product_tag?post=13428"}],"curies":[{"name":"wp","href":"https:\/\/api.w.org\/{rel}","templated":true}]}}