{"id":13430,"date":"2023-09-29T18:41:04","date_gmt":"2023-09-29T18:41:04","guid":{"rendered":""},"modified":"2025-08-24T14:06:47","modified_gmt":"2025-08-24T12:06:47","slug":"refraktomeeter-suhkrusisalduse-mootmiseks","status":"publish","type":"product","link":"https:\/\/tdbeer.ee\/et\/p\/refraktomeeter-suhkrusisalduse-mootmiseks\/","title":{"rendered":"Refraktomeeter suhkru ja alkoholi m\u00f5\u00f5tmiseks"},"content":{"rendered":"<p><span style=\"font-size: 14px;\">Refraktomeeter on seade, mis m\u00f5\u00f5dab vedeliku tihedust valguse murdumise m\u00f5jul keskkonnas.<\/span><\/p>\n<p><span style=\"font-size: 14px;\">Kasutatakse:<\/span><\/p>\n<p><span style=\"font-size: 14px;\">&#8211; Suhkrusisalduse m\u00f5\u00f5tmiseks virdes (vedelik enne k\u00e4\u00e4rimist)<\/span><br \/>\n<span style=\"font-size: 14px;\">&#8211; Aitab m\u00e4\u00e4rata puuviljade ja viinamarjade k\u00fcpsusastet<\/span><br \/>\n<span style=\"font-size: 14px;\">&#8211; V\u00f5imaldab arvutada joogi potentsiaalset kangust p\u00e4rast k\u00e4\u00e4rimist<\/span><br \/>\n<span style=\"font-size: 14px;\">&#8211; Kasutatakse k\u00e4\u00e4rimisprotsessi j\u00e4lgimiseks &#8211; n\u00e4itajate v\u00f5rdlemiseks enne ja p\u00e4rast<\/span><\/p>","protected":false},"excerpt":{"rendered":"<h3><span style=\"font-size: 16px;\">Refraktomeeter suhkru ja alkoholi m\u00f5\u00f5tmiseks<\/span><\/h3>\n","protected":false},"featured_media":13431,"template":"","meta":[],"product_cat":[370,483,485,366,491,490,405,494,487,492,488],"product_tag":[],"_links":{"self":[{"href":"https:\/\/tdbeer.ee\/et\/wp-json\/wp\/v2\/product\/13430"}],"collection":[{"href":"https:\/\/tdbeer.ee\/et\/wp-json\/wp\/v2\/product"}],"about":[{"href":"https:\/\/tdbeer.ee\/et\/wp-json\/wp\/v2\/types\/product"}],"wp:featuredmedia":[{"embeddable":true,"href":"https:\/\/tdbeer.ee\/et\/wp-json\/wp\/v2\/media\/13431"}],"wp:attachment":[{"href":"https:\/\/tdbeer.ee\/et\/wp-json\/wp\/v2\/media?parent=13430"}],"wp:term":[{"taxonomy":"product_cat","embeddable":true,"href":"https:\/\/tdbeer.ee\/et\/wp-json\/wp\/v2\/product_cat?post=13430"},{"taxonomy":"product_tag","embeddable":true,"href":"https:\/\/tdbeer.ee\/et\/wp-json\/wp\/v2\/product_tag?post=13430"}],"curies":[{"name":"wp","href":"https:\/\/api.w.org\/{rel}","templated":true}]}}