{"id":13492,"date":"2023-09-29T18:41:08","date_gmt":"2023-09-29T18:41:08","guid":{"rendered":""},"modified":"2025-09-10T13:00:07","modified_gmt":"2025-09-10T11:00:07","slug":"tootmistermomeeter-0-250-c","status":"publish","type":"product","link":"https:\/\/tdbeer.ee\/et\/p\/tootmistermomeeter-0-250-c\/","title":{"rendered":"2-\u00fches grilli ja suitsuahju termomeeter"},"content":{"rendered":"<p><span style=\"font-size: 14px;\">Usaldusv\u00e4\u00e4rne ja vastupidav roostevabast terasest termomeeter. Ideaalne temperatuuri m\u00f5\u00f5tmiseks suitsutamise ja grillimise ajal.<\/span><\/p>\n<p><span style=\"font-size: 14px;\">Temperatuurivahemik: 0\u00b0C kuni +250\u00b0C<\/span><br \/>\n<span style=\"font-size: 14px;\">T\u00e4psus: +\/- 1\u00b0C<\/span><br \/>\n<span style=\"font-size: 14px;\">M\u00f5\u00f5tmed: 5 cm x 7 cm x 5 cm<\/span><\/p>","protected":false},"excerpt":{"rendered":"<h3><span style=\"font-size: 16px;\">2-\u00fches grilli ja suitsuahju termomeeter<\/span><\/h3>\n","protected":false},"featured_media":13493,"template":"","meta":[],"product_cat":[523,405,522,487,521],"product_tag":[],"_links":{"self":[{"href":"https:\/\/tdbeer.ee\/et\/wp-json\/wp\/v2\/product\/13492"}],"collection":[{"href":"https:\/\/tdbeer.ee\/et\/wp-json\/wp\/v2\/product"}],"about":[{"href":"https:\/\/tdbeer.ee\/et\/wp-json\/wp\/v2\/types\/product"}],"wp:featuredmedia":[{"embeddable":true,"href":"https:\/\/tdbeer.ee\/et\/wp-json\/wp\/v2\/media\/13493"}],"wp:attachment":[{"href":"https:\/\/tdbeer.ee\/et\/wp-json\/wp\/v2\/media?parent=13492"}],"wp:term":[{"taxonomy":"product_cat","embeddable":true,"href":"https:\/\/tdbeer.ee\/et\/wp-json\/wp\/v2\/product_cat?post=13492"},{"taxonomy":"product_tag","embeddable":true,"href":"https:\/\/tdbeer.ee\/et\/wp-json\/wp\/v2\/product_tag?post=13492"}],"curies":[{"name":"wp","href":"https:\/\/api.w.org\/{rel}","templated":true}]}}