{"id":13500,"date":"2023-09-29T18:41:09","date_gmt":"2023-09-29T18:41:09","guid":{"rendered":""},"modified":"2025-09-13T12:14:24","modified_gmt":"2025-09-13T10:14:24","slug":"destillaator-coppers-20-l","status":"publish","type":"product","link":"https:\/\/tdbeer.ee\/et\/p\/destillaator-coppers-20-l\/","title":{"rendered":"Coppers Traditional Alembic Still  20L"},"content":{"rendered":"<p><span style=\"font-size: 14px;\">Seda traditsioonilist vana mudelit kasutatakse laialdaselt ka P\u00fcrenee poolsaarel ja m\u00f5nes Euroopa riigis, see p\u00f5hineb araabia kultuuri iidsetel traditsioonidel, kus oli palju alkeemiameistreid, destilleerimiskunsti t\u00f5elisi asjatundjaid. Esmapilgul lihtne seade on m\u00f5eldud alkoholi, eeterlike \u00f5lide ja looduslike aromaatsete ainete destilleerimiseks.<\/span><\/p>","protected":false},"excerpt":{"rendered":"<h3><span style=\"font-size: 16px;\"><strong>Destillaator Coppers Traditional Alembic Still 20L<\/strong><\/span><\/h3>\n","protected":false},"featured_media":13501,"template":"","meta":[],"product_cat":[405,526,529],"product_tag":[],"_links":{"self":[{"href":"https:\/\/tdbeer.ee\/et\/wp-json\/wp\/v2\/product\/13500"}],"collection":[{"href":"https:\/\/tdbeer.ee\/et\/wp-json\/wp\/v2\/product"}],"about":[{"href":"https:\/\/tdbeer.ee\/et\/wp-json\/wp\/v2\/types\/product"}],"wp:featuredmedia":[{"embeddable":true,"href":"https:\/\/tdbeer.ee\/et\/wp-json\/wp\/v2\/media\/13501"}],"wp:attachment":[{"href":"https:\/\/tdbeer.ee\/et\/wp-json\/wp\/v2\/media?parent=13500"}],"wp:term":[{"taxonomy":"product_cat","embeddable":true,"href":"https:\/\/tdbeer.ee\/et\/wp-json\/wp\/v2\/product_cat?post=13500"},{"taxonomy":"product_tag","embeddable":true,"href":"https:\/\/tdbeer.ee\/et\/wp-json\/wp\/v2\/product_tag?post=13500"}],"curies":[{"name":"wp","href":"https:\/\/api.w.org\/{rel}","templated":true}]}}