{"id":13506,"date":"2023-09-29T18:41:09","date_gmt":"2023-09-29T18:41:09","guid":{"rendered":""},"modified":"2025-09-13T12:02:02","modified_gmt":"2025-09-13T10:02:02","slug":"distillation-column-reflux","status":"publish","type":"product","link":"https:\/\/tdbeer.ee\/et\/p\/distillation-column-reflux\/","title":{"rendered":"Destilleerimiskolonni tagasijooks"},"content":{"rendered":"<p><span style=\"font-size: 14px;\">K\u00f5rgus 50 cm<\/span><br \/>\n<span style=\"font-size: 14px;\">Jahutustoru pikkus 40 cm, l\u00e4bim\u00f5\u00f5t 6 cm (3 m, l\u00e4bim\u00f5\u00f5t 8 mm)<\/span><br \/>\n<span style=\"font-size: 14px;\">Jahutusvee sisse-\/v\u00e4ljalaskeava 10 mm<\/span><br \/>\n<span style=\"font-size: 14px;\">Destilleerimisava 8 mm<\/span><\/p>","protected":false},"excerpt":{"rendered":"<h3><span style=\"font-size: 16px;\">Destilleerimiskolonni tagasijooks<\/span><\/h3>\n<p>&nbsp;<\/p>\n","protected":false},"featured_media":13507,"template":"","meta":[],"product_cat":[366,405,526,529],"product_tag":[],"_links":{"self":[{"href":"https:\/\/tdbeer.ee\/et\/wp-json\/wp\/v2\/product\/13506"}],"collection":[{"href":"https:\/\/tdbeer.ee\/et\/wp-json\/wp\/v2\/product"}],"about":[{"href":"https:\/\/tdbeer.ee\/et\/wp-json\/wp\/v2\/types\/product"}],"wp:featuredmedia":[{"embeddable":true,"href":"https:\/\/tdbeer.ee\/et\/wp-json\/wp\/v2\/media\/13507"}],"wp:attachment":[{"href":"https:\/\/tdbeer.ee\/et\/wp-json\/wp\/v2\/media?parent=13506"}],"wp:term":[{"taxonomy":"product_cat","embeddable":true,"href":"https:\/\/tdbeer.ee\/et\/wp-json\/wp\/v2\/product_cat?post=13506"},{"taxonomy":"product_tag","embeddable":true,"href":"https:\/\/tdbeer.ee\/et\/wp-json\/wp\/v2\/product_tag?post=13506"}],"curies":[{"name":"wp","href":"https:\/\/api.w.org\/{rel}","templated":true}]}}