{"id":13530,"date":"2023-09-29T18:41:10","date_gmt":"2023-09-29T18:41:10","guid":{"rendered":""},"modified":"2025-08-26T13:05:34","modified_gmt":"2025-08-26T11:05:34","slug":"turbo-parm-8-jast","status":"publish","type":"product","link":"https:\/\/tdbeer.ee\/et\/p\/turbo-parm-8-jast\/","title":{"rendered":"Turbo p\u00e4rm 8 JAST"},"content":{"rendered":"","protected":false},"excerpt":{"rendered":"<h3><strong>Turbo p\u00e4rm 8 JAST. <\/strong><\/h3>\n<p><strong><strong>Superp\u00e4rm<br \/>\nSegada 6-8kg suhkrut kuumas vees<br \/>\nja lisa k\u00e4\u00e4ritusn\u00f5usse sooja vett<br \/>\nkuni 25l t\u00e4itumiseni et segu j\u00e4\u00e4ks<br \/>\n25 kraadini. Lisa p\u00e4rm ja sega.<\/strong><\/strong><\/p>\n","protected":false},"featured_media":13531,"template":"","meta":[],"product_cat":[405,533],"product_tag":[],"_links":{"self":[{"href":"https:\/\/tdbeer.ee\/et\/wp-json\/wp\/v2\/product\/13530"}],"collection":[{"href":"https:\/\/tdbeer.ee\/et\/wp-json\/wp\/v2\/product"}],"about":[{"href":"https:\/\/tdbeer.ee\/et\/wp-json\/wp\/v2\/types\/product"}],"wp:featuredmedia":[{"embeddable":true,"href":"https:\/\/tdbeer.ee\/et\/wp-json\/wp\/v2\/media\/13531"}],"wp:attachment":[{"href":"https:\/\/tdbeer.ee\/et\/wp-json\/wp\/v2\/media?parent=13530"}],"wp:term":[{"taxonomy":"product_cat","embeddable":true,"href":"https:\/\/tdbeer.ee\/et\/wp-json\/wp\/v2\/product_cat?post=13530"},{"taxonomy":"product_tag","embeddable":true,"href":"https:\/\/tdbeer.ee\/et\/wp-json\/wp\/v2\/product_tag?post=13530"}],"curies":[{"name":"wp","href":"https:\/\/api.w.org\/{rel}","templated":true}]}}