{"id":13536,"date":"2023-09-29T18:41:11","date_gmt":"2023-09-29T18:41:11","guid":{"rendered":""},"modified":"2025-08-27T11:23:09","modified_gmt":"2025-08-27T09:23:09","slug":"prantsuse-tammelaastud-100gr","status":"publish","type":"product","link":"https:\/\/tdbeer.ee\/et\/p\/prantsuse-tammelaastud-100gr\/","title":{"rendered":"Prantsuse tammelaastud 100g"},"content":{"rendered":"<p><span style=\"font-size: 14px;\">Omadused:<\/span><br \/>\n<span style=\"font-size: 14px;\">Tammelaastud \u2013 on valmistatud erinevatest tammedest. Need on m\u00f5eldud veini, konjaki, mee, lik\u00f6\u00f6ride jms maitsestamiseks. Tammelaastud annavad iseloomuliku tammevaadilaastude aroomi, peene vanilje ja kohvi maitse.<\/span><br \/>\n<span style=\"font-size: 14px;\">Kasutamine:<\/span><br \/>\n<span style=\"font-size: 14px;\">Optimaalne soovitatav annus on: 2\u20135 g 1 liitri kohta, lisada k\u00e4\u00e4rimisprotsessi ajal v\u00f5i valmistootele s\u00e4ilitamiseks.<\/span><\/p>","protected":false},"excerpt":{"rendered":"<h3><span style=\"font-size: 16px;\">Prantsuse tammelaastud 100g<\/span><\/h3>\n","protected":false},"featured_media":13537,"template":"","meta":[],"product_cat":[405,477,439,440],"product_tag":[],"_links":{"self":[{"href":"https:\/\/tdbeer.ee\/et\/wp-json\/wp\/v2\/product\/13536"}],"collection":[{"href":"https:\/\/tdbeer.ee\/et\/wp-json\/wp\/v2\/product"}],"about":[{"href":"https:\/\/tdbeer.ee\/et\/wp-json\/wp\/v2\/types\/product"}],"wp:featuredmedia":[{"embeddable":true,"href":"https:\/\/tdbeer.ee\/et\/wp-json\/wp\/v2\/media\/13537"}],"wp:attachment":[{"href":"https:\/\/tdbeer.ee\/et\/wp-json\/wp\/v2\/media?parent=13536"}],"wp:term":[{"taxonomy":"product_cat","embeddable":true,"href":"https:\/\/tdbeer.ee\/et\/wp-json\/wp\/v2\/product_cat?post=13536"},{"taxonomy":"product_tag","embeddable":true,"href":"https:\/\/tdbeer.ee\/et\/wp-json\/wp\/v2\/product_tag?post=13536"}],"curies":[{"name":"wp","href":"https:\/\/api.w.org\/{rel}","templated":true}]}}