{"id":13566,"date":"2023-09-29T18:41:12","date_gmt":"2023-09-29T18:41:12","guid":{"rendered":""},"modified":"2026-02-20T13:52:01","modified_gmt":"2026-02-20T11:52:01","slug":"blonde-lager","status":"publish","type":"product","link":"https:\/\/tdbeer.ee\/et\/p\/blonde-lager\/","title":{"rendered":"Mangrove Jack&#8217;s Blonde Lager"},"content":{"rendered":"<p><span style=\"font-size: 14px;\">Kahvatukuldne v\u00e4rvus \u00f5hukese valge vahuga. Magus, puuviljane aroom, lopsakas \u00f5unakaste pehme ananassi vihjega. Pehme, kerge linnase maitse \u00f5unase vihjega j\u00e4relmaitses, v\u00e4ga kerge kibedus puhta ja kuiva j\u00e4relmaitsega. Annab 23 liitrit laagri\u00f5lut.<\/span><\/p>","protected":false},"excerpt":{"rendered":"<h3><span style=\"font-size: 16px;\">\u00d5lleekstrakt &#8220;Mangrove Jack&#8217;s Blonde Lager&#8221;<\/span><\/h3>\n","protected":false},"featured_media":13567,"template":"","meta":[],"product_cat":[370,371,551,553],"product_tag":[],"_links":{"self":[{"href":"https:\/\/tdbeer.ee\/et\/wp-json\/wp\/v2\/product\/13566"}],"collection":[{"href":"https:\/\/tdbeer.ee\/et\/wp-json\/wp\/v2\/product"}],"about":[{"href":"https:\/\/tdbeer.ee\/et\/wp-json\/wp\/v2\/types\/product"}],"wp:featuredmedia":[{"embeddable":true,"href":"https:\/\/tdbeer.ee\/et\/wp-json\/wp\/v2\/media\/13567"}],"wp:attachment":[{"href":"https:\/\/tdbeer.ee\/et\/wp-json\/wp\/v2\/media?parent=13566"}],"wp:term":[{"taxonomy":"product_cat","embeddable":true,"href":"https:\/\/tdbeer.ee\/et\/wp-json\/wp\/v2\/product_cat?post=13566"},{"taxonomy":"product_tag","embeddable":true,"href":"https:\/\/tdbeer.ee\/et\/wp-json\/wp\/v2\/product_tag?post=13566"}],"curies":[{"name":"wp","href":"https:\/\/api.w.org\/{rel}","templated":true}]}}