{"id":13600,"date":"2023-09-29T18:41:14","date_gmt":"2023-09-29T18:41:14","guid":{"rendered":""},"modified":"2025-09-09T11:43:48","modified_gmt":"2025-09-09T09:43:48","slug":"chemipro-oxi-1kg","status":"publish","type":"product","link":"https:\/\/tdbeer.ee\/et\/p\/chemipro-oxi-1kg\/","title":{"rendered":"Aktiivhapnik Chemipro OXI 500gr."},"content":{"rendered":"<p><span style=\"font-size: 14px;\">Uus, loputamist mittevajav ja keskkonnas\u00f5bralik puhastusvahend kergema mustuse eemaldamiseks vaid \u00fche hooldusega! Aktiivhapnik l\u00fchendab toimeaega ja tagab h\u00fcgieenilise puhastuse.<\/span><\/p>\n<p><span style=\"font-size: 14px;\">Doos: 4 g\/liitri kuuma vee kohta. Toimeaeg: 2\u20135 minutit.<\/span><\/p>","protected":false},"excerpt":{"rendered":"<h3><span style=\"font-size: 16px;\">Aktiivhapnik Chemipro OXI 500gr.<\/span><\/h3>\n","protected":false},"featured_media":13601,"template":"","meta":[],"product_cat":[366,386,560,540,559,561],"product_tag":[],"_links":{"self":[{"href":"https:\/\/tdbeer.ee\/et\/wp-json\/wp\/v2\/product\/13600"}],"collection":[{"href":"https:\/\/tdbeer.ee\/et\/wp-json\/wp\/v2\/product"}],"about":[{"href":"https:\/\/tdbeer.ee\/et\/wp-json\/wp\/v2\/types\/product"}],"wp:featuredmedia":[{"embeddable":true,"href":"https:\/\/tdbeer.ee\/et\/wp-json\/wp\/v2\/media\/13601"}],"wp:attachment":[{"href":"https:\/\/tdbeer.ee\/et\/wp-json\/wp\/v2\/media?parent=13600"}],"wp:term":[{"taxonomy":"product_cat","embeddable":true,"href":"https:\/\/tdbeer.ee\/et\/wp-json\/wp\/v2\/product_cat?post=13600"},{"taxonomy":"product_tag","embeddable":true,"href":"https:\/\/tdbeer.ee\/et\/wp-json\/wp\/v2\/product_tag?post=13600"}],"curies":[{"name":"wp","href":"https:\/\/api.w.org\/{rel}","templated":true}]}}