{"id":13612,"date":"2023-09-29T18:41:14","date_gmt":"2023-09-29T18:41:14","guid":{"rendered":""},"modified":"2025-08-19T13:19:27","modified_gmt":"2025-08-19T11:19:27","slug":"seade-pudelite-pesemiseks","status":"publish","type":"product","link":"https:\/\/tdbeer.ee\/et\/p\/seade-pudelite-pesemiseks\/","title":{"rendered":"Pudelipesuseade AVVINATORE LUX"},"content":{"rendered":"<p><span style=\"font-size: 14px;\">Vinator pudelite n\u00f5uetekohaseks puhastamiseks ja steriliseerimiseks. \u00dchildub k\u00f5igi keeratavate pudelite t\u00fchjendamise anumatega: lihtne paigaldada otse pudeli t\u00fchjendamise anuma peale, et v\u00f5imaldada kohest pesemist ja t\u00fchjendamist.<\/span><\/p>\n<p><span style=\"font-size: 14px;\">Loputamine:<\/span><br \/>\n<span style=\"font-size: 14px;\">-Valage vinatorisse 1\/4 liitrit veini\/\u00f5lut (sellest, mis villitakse).<\/span><br \/>\n<span style=\"font-size: 14px;\">-Sisestage otsik pudeli kaela ja vajutage kiirelt.<\/span><br \/>\n<span style=\"font-size: 14px;\">-Pihustamine v\u00f5imaldab eemaldada k\u00f5ik j\u00e4\u00e4gid (lubjakivi, tolm jne).<\/span><\/p>\n<p><span style=\"font-size: 14px;\">Steriliseerimine:<\/span><br \/>\n<span style=\"font-size: 14px;\">-Selle toimingu tegemiseks peate veini\/\u00f5lle asemel kasutama vee ja bisulfiidi lahust.<\/span><\/p>","protected":false},"excerpt":{"rendered":"<h3><span style=\"font-size: 16px;\">Pudelipesuseade AVVINATORE LUX<\/span><\/h3>\n","protected":false},"featured_media":15738,"template":"","meta":[],"product_cat":[366,386,563,540,562],"product_tag":[],"_links":{"self":[{"href":"https:\/\/tdbeer.ee\/et\/wp-json\/wp\/v2\/product\/13612"}],"collection":[{"href":"https:\/\/tdbeer.ee\/et\/wp-json\/wp\/v2\/product"}],"about":[{"href":"https:\/\/tdbeer.ee\/et\/wp-json\/wp\/v2\/types\/product"}],"wp:featuredmedia":[{"embeddable":true,"href":"https:\/\/tdbeer.ee\/et\/wp-json\/wp\/v2\/media\/15738"}],"wp:attachment":[{"href":"https:\/\/tdbeer.ee\/et\/wp-json\/wp\/v2\/media?parent=13612"}],"wp:term":[{"taxonomy":"product_cat","embeddable":true,"href":"https:\/\/tdbeer.ee\/et\/wp-json\/wp\/v2\/product_cat?post=13612"},{"taxonomy":"product_tag","embeddable":true,"href":"https:\/\/tdbeer.ee\/et\/wp-json\/wp\/v2\/product_tag?post=13612"}],"curies":[{"name":"wp","href":"https:\/\/api.w.org\/{rel}","templated":true}]}}