{"id":13624,"date":"2023-09-29T18:41:15","date_gmt":"2023-09-29T18:41:15","guid":{"rendered":""},"modified":"2025-10-01T11:12:52","modified_gmt":"2025-10-01T09:12:52","slug":"mahlapress-f20","status":"publish","type":"product","link":"https:\/\/tdbeer.ee\/et\/p\/mahlapress-f20\/","title":{"rendered":"Mahlapress  F20"},"content":{"rendered":"<p><span style=\"font-size: 14px;\">F20 on raampresside seas populaarseim mudel.<\/span><\/p>\n<p><span style=\"font-size: 14px;\">Korvi maht: 11 liitrit<\/span><br \/>\n<span style=\"font-size: 14px;\">Korvi k\u00f5rgus: 350 mm<\/span><br \/>\n<span style=\"font-size: 14px;\">Korvi l\u00e4bim\u00f5\u00f5t: 200 mm<\/span><br \/>\n<span style=\"font-size: 14px;\">Pressi kaal: 24 kg<\/span><\/p>\n<p><span style=\"font-size: 14px;\">F20 pressi t\u00e4itmiseks on vaja purustada umbes poolteist kuni kaks \u00e4mbrit\u00e4it \u00f5unu.<\/span><\/p>","protected":false},"excerpt":{"rendered":"<h3><span style=\"font-size: 16px;\">Mahlapress F20<\/span><\/h3>\n","protected":false},"featured_media":13625,"template":"","meta":[],"product_cat":[392,393,566,567],"product_tag":[],"_links":{"self":[{"href":"https:\/\/tdbeer.ee\/et\/wp-json\/wp\/v2\/product\/13624"}],"collection":[{"href":"https:\/\/tdbeer.ee\/et\/wp-json\/wp\/v2\/product"}],"about":[{"href":"https:\/\/tdbeer.ee\/et\/wp-json\/wp\/v2\/types\/product"}],"wp:featuredmedia":[{"embeddable":true,"href":"https:\/\/tdbeer.ee\/et\/wp-json\/wp\/v2\/media\/13625"}],"wp:attachment":[{"href":"https:\/\/tdbeer.ee\/et\/wp-json\/wp\/v2\/media?parent=13624"}],"wp:term":[{"taxonomy":"product_cat","embeddable":true,"href":"https:\/\/tdbeer.ee\/et\/wp-json\/wp\/v2\/product_cat?post=13624"},{"taxonomy":"product_tag","embeddable":true,"href":"https:\/\/tdbeer.ee\/et\/wp-json\/wp\/v2\/product_tag?post=13624"}],"curies":[{"name":"wp","href":"https:\/\/api.w.org\/{rel}","templated":true}]}}