{"id":13632,"date":"2023-09-29T18:41:15","date_gmt":"2023-09-29T18:41:15","guid":{"rendered":""},"modified":"2025-09-13T10:30:28","modified_gmt":"2025-09-13T08:30:28","slug":"mahlapress-f25","status":"publish","type":"product","link":"https:\/\/tdbeer.ee\/et\/p\/mahlapress-f25\/","title":{"rendered":"Mahlapress F25"},"content":{"rendered":"<p><span style=\"font-size: 14px;\">Korvi maht 20 l<\/span><\/p>\n<p><span style=\"font-size: 14px;\">Korvi k\u00f5rgus 400 mm<\/span><br \/>\n<span style=\"font-size: 14px;\">Korvi l\u00e4bim\u00f5\u00f5t 250 mm<\/span><br \/>\n<span style=\"font-size: 14px;\">Pressi kaal 30 kg<\/span><\/p>\n<p><span style=\"font-size: 14px;\">F25 pressi t\u00e4itmiseks on vaja purustada 3-4 \u00e4mbrit\u00e4it \u00f5unu.<\/span><\/p>","protected":false},"excerpt":{"rendered":"<h3><span style=\"font-size: 16px;\">Mahlapress F25A<\/span><\/h3>\n","protected":false},"featured_media":13633,"template":"","meta":[],"product_cat":[366,390,568,570,392,393,566,567],"product_tag":[],"_links":{"self":[{"href":"https:\/\/tdbeer.ee\/et\/wp-json\/wp\/v2\/product\/13632"}],"collection":[{"href":"https:\/\/tdbeer.ee\/et\/wp-json\/wp\/v2\/product"}],"about":[{"href":"https:\/\/tdbeer.ee\/et\/wp-json\/wp\/v2\/types\/product"}],"wp:featuredmedia":[{"embeddable":true,"href":"https:\/\/tdbeer.ee\/et\/wp-json\/wp\/v2\/media\/13633"}],"wp:attachment":[{"href":"https:\/\/tdbeer.ee\/et\/wp-json\/wp\/v2\/media?parent=13632"}],"wp:term":[{"taxonomy":"product_cat","embeddable":true,"href":"https:\/\/tdbeer.ee\/et\/wp-json\/wp\/v2\/product_cat?post=13632"},{"taxonomy":"product_tag","embeddable":true,"href":"https:\/\/tdbeer.ee\/et\/wp-json\/wp\/v2\/product_tag?post=13632"}],"curies":[{"name":"wp","href":"https:\/\/api.w.org\/{rel}","templated":true}]}}