{"id":13634,"date":"2023-09-29T18:41:15","date_gmt":"2023-09-29T18:41:15","guid":{"rendered":""},"modified":"2025-09-13T10:40:54","modified_gmt":"2025-09-13T08:40:54","slug":"mahlapress-v20-inox","status":"publish","type":"product","link":"https:\/\/tdbeer.ee\/et\/p\/mahlapress-v20-inox\/","title":{"rendered":"Mahlapress V20 Inox"},"content":{"rendered":"<p><span style=\"font-size: 14px;\">Press ja korv on valmistatud t\u00e4ielikult roostevabast terasest.<\/span><\/p>\n<p><span style=\"font-size: 14px;\">Korvi maht on 9 l<\/span><\/p>\n<p><span style=\"font-size: 14px;\">Korvi k\u00f5rgus on 300 mm<\/span><\/p>\n<p><span style=\"font-size: 14px;\">Korvi l\u00e4bim\u00f5\u00f5t on 200 mm<\/span><\/p>\n<p><span style=\"font-size: 14px;\">Pressi kaal on 11 kg<\/span><\/p>","protected":false},"excerpt":{"rendered":"<h3><span style=\"font-size: 16px;\"><strong>Mahlapress V20 Inox<\/strong><\/span><\/h3>\n","protected":false},"featured_media":13635,"template":"","meta":[],"product_cat":[366,390,568,570,392,393,566,567],"product_tag":[],"_links":{"self":[{"href":"https:\/\/tdbeer.ee\/et\/wp-json\/wp\/v2\/product\/13634"}],"collection":[{"href":"https:\/\/tdbeer.ee\/et\/wp-json\/wp\/v2\/product"}],"about":[{"href":"https:\/\/tdbeer.ee\/et\/wp-json\/wp\/v2\/types\/product"}],"wp:featuredmedia":[{"embeddable":true,"href":"https:\/\/tdbeer.ee\/et\/wp-json\/wp\/v2\/media\/13635"}],"wp:attachment":[{"href":"https:\/\/tdbeer.ee\/et\/wp-json\/wp\/v2\/media?parent=13634"}],"wp:term":[{"taxonomy":"product_cat","embeddable":true,"href":"https:\/\/tdbeer.ee\/et\/wp-json\/wp\/v2\/product_cat?post=13634"},{"taxonomy":"product_tag","embeddable":true,"href":"https:\/\/tdbeer.ee\/et\/wp-json\/wp\/v2\/product_tag?post=13634"}],"curies":[{"name":"wp","href":"https:\/\/api.w.org\/{rel}","templated":true}]}}