{"id":13679,"date":"2023-09-29T18:41:17","date_gmt":"2023-09-29T18:41:17","guid":{"rendered":""},"modified":"2025-09-16T14:36:52","modified_gmt":"2025-09-16T12:36:52","slug":"shampagne-cage-50-tk","status":"publish","type":"product","link":"https:\/\/tdbeer.ee\/et\/p\/shampagne-cage-50-tk\/","title":{"rendered":"\u0160ampanja m\u00fcsliv\u00f5rk 50 tk."},"content":{"rendered":"","protected":false},"excerpt":{"rendered":"<h3><span style=\"font-size: 16px;\">\u0160ampanja m\u00fcsliv\u00f5rk 50 tk.<\/span><\/h3>\n","protected":false},"featured_media":13680,"template":"","meta":[],"product_cat":[366,498,499,495,497],"product_tag":[],"_links":{"self":[{"href":"https:\/\/tdbeer.ee\/et\/wp-json\/wp\/v2\/product\/13679"}],"collection":[{"href":"https:\/\/tdbeer.ee\/et\/wp-json\/wp\/v2\/product"}],"about":[{"href":"https:\/\/tdbeer.ee\/et\/wp-json\/wp\/v2\/types\/product"}],"wp:featuredmedia":[{"embeddable":true,"href":"https:\/\/tdbeer.ee\/et\/wp-json\/wp\/v2\/media\/13680"}],"wp:attachment":[{"href":"https:\/\/tdbeer.ee\/et\/wp-json\/wp\/v2\/media?parent=13679"}],"wp:term":[{"taxonomy":"product_cat","embeddable":true,"href":"https:\/\/tdbeer.ee\/et\/wp-json\/wp\/v2\/product_cat?post=13679"},{"taxonomy":"product_tag","embeddable":true,"href":"https:\/\/tdbeer.ee\/et\/wp-json\/wp\/v2\/product_tag?post=13679"}],"curies":[{"name":"wp","href":"https:\/\/api.w.org\/{rel}","templated":true}]}}