{"id":13711,"date":"2023-09-29T18:41:19","date_gmt":"2023-09-29T18:41:19","guid":{"rendered":""},"modified":"2025-09-09T12:30:28","modified_gmt":"2025-09-09T10:30:28","slug":"komplekt-veini-filtreerimiseks-ferrar-o22","status":"publish","type":"product","link":"https:\/\/tdbeer.ee\/et\/p\/komplekt-veini-filtreerimiseks-ferrar-o22\/","title":{"rendered":"Veini filtreerimiskomplekt FERRARI"},"content":{"rendered":"<p><span style=\"font-size: 14px;\">Veinifiltri l\u00e4bim\u00f5\u00f5t 22 cm<\/span><\/p>\n<p><span style=\"font-size: 14px;\">Filter, mis s\u00e4ilitab veini kogu aroomibuketi. Kinnitub h\u00f5lpsalt anuma k\u00fclge. (anum ei kuulu komplekti). Iga filtreerimise jaoks on vaja uut filtrit (l\u00e4bim\u00f5\u00f5t 22 cm). Komplekti kuulub \u00fcks tasuta filter.<\/span><\/p>","protected":false},"excerpt":{"rendered":"<h3><span style=\"font-size: 16px;\">Veini filtreerimiskomplekt FERRARI<\/span><\/h3>\n","protected":false},"featured_media":13712,"template":"","meta":[],"product_cat":[366,539,548,383,546,547],"product_tag":[],"_links":{"self":[{"href":"https:\/\/tdbeer.ee\/et\/wp-json\/wp\/v2\/product\/13711"}],"collection":[{"href":"https:\/\/tdbeer.ee\/et\/wp-json\/wp\/v2\/product"}],"about":[{"href":"https:\/\/tdbeer.ee\/et\/wp-json\/wp\/v2\/types\/product"}],"wp:featuredmedia":[{"embeddable":true,"href":"https:\/\/tdbeer.ee\/et\/wp-json\/wp\/v2\/media\/13712"}],"wp:attachment":[{"href":"https:\/\/tdbeer.ee\/et\/wp-json\/wp\/v2\/media?parent=13711"}],"wp:term":[{"taxonomy":"product_cat","embeddable":true,"href":"https:\/\/tdbeer.ee\/et\/wp-json\/wp\/v2\/product_cat?post=13711"},{"taxonomy":"product_tag","embeddable":true,"href":"https:\/\/tdbeer.ee\/et\/wp-json\/wp\/v2\/product_tag?post=13711"}],"curies":[{"name":"wp","href":"https:\/\/api.w.org\/{rel}","templated":true}]}}