{"id":13783,"date":"2023-09-29T18:41:22","date_gmt":"2023-09-29T18:41:22","guid":{"rendered":""},"modified":"2025-09-10T12:23:43","modified_gmt":"2025-09-10T10:23:43","slug":"veini-ja-olle-kaaritus-tunn-oval-100l-liitrit-sangaga","status":"publish","type":"product","link":"https:\/\/tdbeer.ee\/et\/p\/veini-ja-olle-kaaritus-tunn-oval-100l-liitrit-sangaga\/","title":{"rendered":"Oval k\u00e4\u00e4rituspaak 100l"},"content":{"rendered":"","protected":false},"excerpt":{"rendered":"<h3>Oval k\u00e4\u00e4rituspaak k\u00e4epidemega, kaanega veeluku jaoks 100l<\/h3>\n","protected":false},"featured_media":13784,"template":"","meta":[],"product_cat":[368,421,422],"product_tag":[],"_links":{"self":[{"href":"https:\/\/tdbeer.ee\/et\/wp-json\/wp\/v2\/product\/13783"}],"collection":[{"href":"https:\/\/tdbeer.ee\/et\/wp-json\/wp\/v2\/product"}],"about":[{"href":"https:\/\/tdbeer.ee\/et\/wp-json\/wp\/v2\/types\/product"}],"wp:featuredmedia":[{"embeddable":true,"href":"https:\/\/tdbeer.ee\/et\/wp-json\/wp\/v2\/media\/13784"}],"wp:attachment":[{"href":"https:\/\/tdbeer.ee\/et\/wp-json\/wp\/v2\/media?parent=13783"}],"wp:term":[{"taxonomy":"product_cat","embeddable":true,"href":"https:\/\/tdbeer.ee\/et\/wp-json\/wp\/v2\/product_cat?post=13783"},{"taxonomy":"product_tag","embeddable":true,"href":"https:\/\/tdbeer.ee\/et\/wp-json\/wp\/v2\/product_tag?post=13783"}],"curies":[{"name":"wp","href":"https:\/\/api.w.org\/{rel}","templated":true}]}}