{"id":13792,"date":"2023-09-29T18:41:23","date_gmt":"2023-09-29T18:41:23","guid":{"rendered":""},"modified":"2025-09-13T12:02:53","modified_gmt":"2025-09-13T10:02:53","slug":"turbo-500-still","status":"publish","type":"product","link":"https:\/\/tdbeer.ee\/et\/p\/turbo-500-still\/","title":{"rendered":"Turbo 500 Still"},"content":{"rendered":"<p>Koduse destilleerimise tipptasemel destilleerimisseade T500 on kohustuslik k\u00f5igile, kes soovivad toota suuri koguseid \u00e4\u00e4rmiselt puhast destilleerimisvedelikku.<\/p>","protected":false},"excerpt":{"rendered":"<h3>Turbo 500 Still<\/h3>\n","protected":false},"featured_media":13793,"template":"","meta":[],"product_cat":[405,526,529],"product_tag":[],"_links":{"self":[{"href":"https:\/\/tdbeer.ee\/et\/wp-json\/wp\/v2\/product\/13792"}],"collection":[{"href":"https:\/\/tdbeer.ee\/et\/wp-json\/wp\/v2\/product"}],"about":[{"href":"https:\/\/tdbeer.ee\/et\/wp-json\/wp\/v2\/types\/product"}],"wp:featuredmedia":[{"embeddable":true,"href":"https:\/\/tdbeer.ee\/et\/wp-json\/wp\/v2\/media\/13793"}],"wp:attachment":[{"href":"https:\/\/tdbeer.ee\/et\/wp-json\/wp\/v2\/media?parent=13792"}],"wp:term":[{"taxonomy":"product_cat","embeddable":true,"href":"https:\/\/tdbeer.ee\/et\/wp-json\/wp\/v2\/product_cat?post=13792"},{"taxonomy":"product_tag","embeddable":true,"href":"https:\/\/tdbeer.ee\/et\/wp-json\/wp\/v2\/product_tag?post=13792"}],"curies":[{"name":"wp","href":"https:\/\/api.w.org\/{rel}","templated":true}]}}