{"id":13804,"date":"2023-09-29T18:41:24","date_gmt":"2023-09-29T18:41:24","guid":{"rendered":""},"modified":"2026-03-19T12:42:37","modified_gmt":"2026-03-19T10:42:37","slug":"mahlaauruti-5l","status":"publish","type":"product","link":"https:\/\/tdbeer.ee\/et\/p\/mahlaauruti-5l\/","title":{"rendered":"Mahlapress 5L"},"content":{"rendered":"<p><span style=\"font-size: 14px;\">Mahlakeetja on valmistatud v\u00e4ga tugevast (r\u00f5hu- ja temperatuuritaluvusega) roostevabast terasest. See on m\u00f5eldud igat t\u00fc\u00fcpi pliitidele.<\/span><\/p>","protected":false},"excerpt":{"rendered":"<h3>Mahlaauruti\u00a0 5L<\/h3>\n","protected":false},"featured_media":16209,"template":"","meta":[],"product_cat":[390,599,602,392,393,600,601],"product_tag":[],"_links":{"self":[{"href":"https:\/\/tdbeer.ee\/et\/wp-json\/wp\/v2\/product\/13804"}],"collection":[{"href":"https:\/\/tdbeer.ee\/et\/wp-json\/wp\/v2\/product"}],"about":[{"href":"https:\/\/tdbeer.ee\/et\/wp-json\/wp\/v2\/types\/product"}],"wp:featuredmedia":[{"embeddable":true,"href":"https:\/\/tdbeer.ee\/et\/wp-json\/wp\/v2\/media\/16209"}],"wp:attachment":[{"href":"https:\/\/tdbeer.ee\/et\/wp-json\/wp\/v2\/media?parent=13804"}],"wp:term":[{"taxonomy":"product_cat","embeddable":true,"href":"https:\/\/tdbeer.ee\/et\/wp-json\/wp\/v2\/product_cat?post=13804"},{"taxonomy":"product_tag","embeddable":true,"href":"https:\/\/tdbeer.ee\/et\/wp-json\/wp\/v2\/product_tag?post=13804"}],"curies":[{"name":"wp","href":"https:\/\/api.w.org\/{rel}","templated":true}]}}