{"id":13812,"date":"2023-09-29T18:41:24","date_gmt":"2023-09-29T18:41:24","guid":{"rendered":""},"modified":"2025-08-28T14:00:20","modified_gmt":"2025-08-28T12:00:20","slug":"konteiner-singi-valmistamiseks-1-5kg","status":"publish","type":"product","link":"https:\/\/tdbeer.ee\/et\/p\/konteiner-singi-valmistamiseks-1-5kg\/","title":{"rendered":"Koduse singi valmistamise anum (1,5 kg)"},"content":{"rendered":"<p><span style=\"font-size: 14px;\">Tootja esitleb ideaalset seadet liha valmistamiseks. Singikeetja on loodud maitsvate koduste k\u00fclml\u00f5ikude valmistamiseks. Seda on lihtne kasutada ja see v\u00f5imaldab teil valmistada nii liha- kui ka taimetoite.<\/span><\/p>\n<p><span style=\"font-size: 14px;\">Moodne ja tervislik toiduvalmistamine. Teie otsustate, milliseid looduslikke koostisosi soovite oma maitsvate k\u00fclml\u00f5ikude valmistamiseks kasutada \u2013 nii kuivatatud kui ka kuivatamata. Singikeetja sobib ideaalselt ka taimetoitude valmistamiseks.<\/span><\/p>\n<p><span style=\"font-size: 14px;\">T\u00f5estatud ja ohutu. Singikeetja on valmistatud k\u00f5rgeima kvaliteediga materjalidest, mis sobivad toiduga kokkupuutumiseks. Toode on registreeritud Euroopa Patendiametis.<\/span><\/p>\n<p><span style=\"font-size: 14px;\">Lihtne ja mugav kasutada \u2013 Singikeetja on h\u00f5lpsasti kasutatav seade. Kasutusjuhend ja t\u00f5estatud retseptid on kaasas. Kaane keskel on pesa, millel on auk liha temperatuuri otse m\u00f5\u00f5tmiseks. Seda tehakse sondtermomeetri abil (ei kuulu komplekti).<\/span><\/p>\n<p><span style=\"font-size: 14px;\">Soovitame ka: kilekotte singivalmistaja jaoks.<\/span><\/p>\n<p><span style=\"font-size: 14px;\">M\u00f5\u00f5tmed:<\/span><\/p>\n<p><span style=\"font-size: 14px;\">Kogu singivalmistaja (vedru ja kaanega):<\/span><\/p>\n<p><span style=\"font-size: 14px;\">Laius\/Pikkus\/K\u00f5rgus [cm]: 11,5\/11,5\/18,5 t\u00fckki<\/span><\/p>\n<p><span style=\"font-size: 14px;\">Prosciuttovalmistaja:<\/span><\/p>\n<p><span style=\"font-size: 14px;\">\u00c4\u00e4rise l\u00e4bim\u00f5\u00f5t: 11,2 cm<\/span><br \/>\n<span style=\"font-size: 14px;\">Kambri l\u00e4bim\u00f5\u00f5t: 10 cm<\/span><br \/>\n<span style=\"font-size: 14px;\">K\u00f5rgus: 17 cm<\/span><br \/>\n<span style=\"font-size: 14px;\">Kaal: 0,25 kg<\/span><\/p>\n<p><span style=\"font-size: 14px;\">Kaas:<\/span><\/p>\n<p><span style=\"font-size: 14px;\">\u00d8: 11,6 cm<\/span><br \/>\n<span style=\"font-size: 14px;\">K\u00f5rgus: 1,5 cm<\/span><br \/>\n<span style=\"font-size: 14px;\">Kaal: 0,1 kg<\/span><\/p>\n<p><span style=\"font-size: 14px;\">Vedru ja surveplaat:<\/span><\/p>\n<p><span style=\"font-size: 14px;\">Survekaan: \u00d8: 9,7 cm<\/span><br \/>\n<span style=\"font-size: 14px;\">Eemaldatav vedru<\/span><br \/>\n<span style=\"font-size: 14px;\">Klambri pikkus vedruga: 8,6 cm<\/span><br \/>\n<span style=\"font-size: 14px;\">Kaal: 0,1 kg<\/span><\/p>","protected":false},"excerpt":{"rendered":"<h3><span style=\"font-size: 16px;\">Koduse singi valmistamise anum (1,5 kg)<\/span><\/h3>\n","protected":false},"featured_media":15828,"template":"","meta":[],"product_cat":[603,417],"product_tag":[],"_links":{"self":[{"href":"https:\/\/tdbeer.ee\/et\/wp-json\/wp\/v2\/product\/13812"}],"collection":[{"href":"https:\/\/tdbeer.ee\/et\/wp-json\/wp\/v2\/product"}],"about":[{"href":"https:\/\/tdbeer.ee\/et\/wp-json\/wp\/v2\/types\/product"}],"wp:featuredmedia":[{"embeddable":true,"href":"https:\/\/tdbeer.ee\/et\/wp-json\/wp\/v2\/media\/15828"}],"wp:attachment":[{"href":"https:\/\/tdbeer.ee\/et\/wp-json\/wp\/v2\/media?parent=13812"}],"wp:term":[{"taxonomy":"product_cat","embeddable":true,"href":"https:\/\/tdbeer.ee\/et\/wp-json\/wp\/v2\/product_cat?post=13812"},{"taxonomy":"product_tag","embeddable":true,"href":"https:\/\/tdbeer.ee\/et\/wp-json\/wp\/v2\/product_tag?post=13812"}],"curies":[{"name":"wp","href":"https:\/\/api.w.org\/{rel}","templated":true}]}}