{"id":13814,"date":"2023-09-29T18:41:24","date_gmt":"2023-09-29T18:41:24","guid":{"rendered":""},"modified":"2025-08-28T13:39:15","modified_gmt":"2025-08-28T11:39:15","slug":"konteiner-singi-valmistamiseks-3kg","status":"publish","type":"product","link":"https:\/\/tdbeer.ee\/et\/p\/konteiner-singi-valmistamiseks-3kg\/","title":{"rendered":"Koduse singi valmistamise anum (3kg)"},"content":{"rendered":"<p><span style=\"font-size: 14px;\">BROWIN singikeetja kuni 3 kg &#8211; omatehtud k\u00fclml\u00f5ikude valmistamiseks<\/span><\/p>\n<p><span style=\"font-size: 14px;\">Tootja esitleb singikeetjat, mis on loodud maitsvate, keedetud k\u00fclml\u00f5ikude valmistamiseks kodus. Seda on lihtne kasutada ja see v\u00f5imaldab teil valmistada liha- v\u00f5i taimetoite.<\/span><\/p>\n<p><span style=\"font-size: 14px;\">Moodne ja tervislik toiduvalmistamine &#8211; Teie otsustate, milliseid looduslikke koostisosi soovite oma maitsvate k\u00fclml\u00f5ikude valmistamiseks kasutada &#8211; soolatud v\u00f5i soolamata. Komplekt sobib ideaalselt ka taimetoitude valmistamiseks.<\/span><\/p>\n<p><span style=\"font-size: 14px;\">T\u00f5estatud ja ohutu &#8211; Singikeetja on valmistatud k\u00f5rgeima kvaliteediga materjalidest, mis sobivad toiduga kokkupuutumiseks. Toode on registreeritud Euroopa Patendiametis.<\/span><\/p>\n<p><span style=\"font-size: 14px;\">Lihtne ja mugav kasutada &#8211; Singikeetjat on lihtne kasutada. Sisaldab kasutusjuhendit ja t\u00f5estatud retsepte. Seade on n\u00f5udepesumasinas pestav.<\/span><\/p>\n<p><span style=\"font-size: 14px;\">Megaportsjonite jaoks &#8211; kuni 3 kg versioon v\u00f5imaldab teil valmistada perele ja s\u00f5pradele helde portsjoni. Samuti saate omatehtud sinki k\u00fclmutada, et pikendada selle s\u00e4ilivusaega.<\/span><\/p>\n<p><span style=\"font-size: 14px;\">Tehnilised andmed:<\/span><\/p>\n<p><span style=\"font-size: 14px;\">Kogu singivalmistaja (vedru ja kaanega):<\/span><\/p>\n<p><span style=\"font-size: 14px;\">Laius\/Pikkus\/K\u00f5rgus [cm]: 15,7\/15,7\/18,7 t\u00fckki<\/span><\/p>\n<p><span style=\"font-size: 14px;\">Prosciuttovalmistaja:<\/span><\/p>\n<p><span style=\"font-size: 14px;\">\u00c4\u00e4rise l\u00e4bim\u00f5\u00f5t: 15,3 cm<\/span><br \/>\n<span style=\"font-size: 14px;\">Keti l\u00e4bim\u00f5\u00f5t: 13,9 cm<\/span><br \/>\n<span style=\"font-size: 14px;\">K\u00f5rgus: 16,6 cm<\/span><br \/>\n<span style=\"font-size: 14px;\">Kaal: 0,355 kg<\/span><\/p>\n<p><span style=\"font-size: 14px;\">Kaas:<\/span><\/p>\n<p><span style=\"font-size: 14px;\">\u00d8 15,7 cm<\/span><br \/>\n<span style=\"font-size: 14px;\">K\u00f5rgus: 2,2 cm<\/span><br \/>\n<span style=\"font-size: 14px;\">Kaal: 0,17 kg<\/span><\/p>\n<p><span style=\"font-size: 14px;\">Vedru ja surveplaat:<\/span><\/p>\n<p><span style=\"font-size: 14px;\">Survekaane \u00d8 13,5 cm<\/span><br \/>\n<span style=\"font-size: 14px;\">Eemaldatav vedru<\/span><br \/>\n<span style=\"font-size: 14px;\">Kaal: 0,115 kg<\/span><\/p>\n<p><span style=\"font-size: 14px;\">Prosciuttovalmistaja on valmistatud kvaliteetsest roostevabast terasest, mis muudab selle vastupidavaks ja m\u00f5lkidele ning kriimustustele vastupidavaks.<\/span><\/p>","protected":false},"excerpt":{"rendered":"<h3><span style=\"font-size: 16px;\">Koduse singi valmistamise anum (3kg)<\/span><\/h3>\n","protected":false},"featured_media":15821,"template":"","meta":[],"product_cat":[603,417],"product_tag":[],"_links":{"self":[{"href":"https:\/\/tdbeer.ee\/et\/wp-json\/wp\/v2\/product\/13814"}],"collection":[{"href":"https:\/\/tdbeer.ee\/et\/wp-json\/wp\/v2\/product"}],"about":[{"href":"https:\/\/tdbeer.ee\/et\/wp-json\/wp\/v2\/types\/product"}],"wp:featuredmedia":[{"embeddable":true,"href":"https:\/\/tdbeer.ee\/et\/wp-json\/wp\/v2\/media\/15821"}],"wp:attachment":[{"href":"https:\/\/tdbeer.ee\/et\/wp-json\/wp\/v2\/media?parent=13814"}],"wp:term":[{"taxonomy":"product_cat","embeddable":true,"href":"https:\/\/tdbeer.ee\/et\/wp-json\/wp\/v2\/product_cat?post=13814"},{"taxonomy":"product_tag","embeddable":true,"href":"https:\/\/tdbeer.ee\/et\/wp-json\/wp\/v2\/product_tag?post=13814"}],"curies":[{"name":"wp","href":"https:\/\/api.w.org\/{rel}","templated":true}]}}