{"id":13820,"date":"2023-09-29T18:41:24","date_gmt":"2023-09-29T18:41:24","guid":{"rendered":""},"modified":"2025-08-28T14:27:03","modified_gmt":"2025-08-28T12:27:03","slug":"vorstikeste-seade-taitmiseks","status":"publish","type":"product","link":"https:\/\/tdbeer.ee\/et\/p\/vorstikeste-seade-taitmiseks\/","title":{"rendered":"Vorstit\u00e4itja (vorstis\u00fcstal)"},"content":{"rendered":"<p><span style=\"font-size: 14px;\">Vorstit\u00e4itja on m\u00f5eldud vorstide, hot dogide ja viinerite kesta hakklihaga t\u00e4itmiseks. Kest t\u00e4idetakse seadme silindris oleva kolvi liikumisega.<\/span><\/p>","protected":false},"excerpt":{"rendered":"<h3 class=\"ytp-copytext ytp-no-contextmenu\"><span style=\"font-size: 16px;\">Vorstit\u00e4itja (vorstis\u00fcstal)<\/span><\/h3>\n","protected":false},"featured_media":13821,"template":"","meta":[],"product_cat":[603],"product_tag":[],"_links":{"self":[{"href":"https:\/\/tdbeer.ee\/et\/wp-json\/wp\/v2\/product\/13820"}],"collection":[{"href":"https:\/\/tdbeer.ee\/et\/wp-json\/wp\/v2\/product"}],"about":[{"href":"https:\/\/tdbeer.ee\/et\/wp-json\/wp\/v2\/types\/product"}],"wp:featuredmedia":[{"embeddable":true,"href":"https:\/\/tdbeer.ee\/et\/wp-json\/wp\/v2\/media\/13821"}],"wp:attachment":[{"href":"https:\/\/tdbeer.ee\/et\/wp-json\/wp\/v2\/media?parent=13820"}],"wp:term":[{"taxonomy":"product_cat","embeddable":true,"href":"https:\/\/tdbeer.ee\/et\/wp-json\/wp\/v2\/product_cat?post=13820"},{"taxonomy":"product_tag","embeddable":true,"href":"https:\/\/tdbeer.ee\/et\/wp-json\/wp\/v2\/product_tag?post=13820"}],"curies":[{"name":"wp","href":"https:\/\/api.w.org\/{rel}","templated":true}]}}